{"id":47160,"date":"2023-03-14T17:25:49","date_gmt":"2023-03-14T16:25:49","guid":{"rendered":"https:\/\/arketipo.com\/prodotto\/auto-reverse\/"},"modified":"2025-07-28T14:24:33","modified_gmt":"2025-07-28T12:24:33","slug":"auto-reverse","status":"publish","type":"product","link":"https:\/\/arketipo.com\/es\/prodotto\/auto-reverse\/","title":{"rendered":"Auto-Reverse"},"content":{"rendered":"<p>El sof\u00e1 Auto-Reverse de Arketipo, vers\u00e1til y con una fuerte personalidad, se deriva de la idea de expresar un alma doble en la sala de estar.<\/p>\n<p>Su look casual y aparentemente desordenado es en contraste con el orden y el cuidado extremo de los detalles, para obtener un objeto con un estilo n\u00edtido y de alta calidad.<\/p>\n<p>La fina estructura, elegante y discreta, envuelve y contiene los cojines de los asientos, los respaldos y los brazos, enfatizados por volantes en todo el per\u00edmetro que otorgan un movimiento definitivo a la l\u00ednea y agregan un tacto y suavidad visual al sof\u00e1. Las cremalleras aplicadas a los cuatro lados de los cojines, sujetan la funda de doble cara, dan rigor al sof\u00e1 y hacen destacar su peculiar dise\u00f1o.<\/p>\n<p>La suavidad y calidez de la tela conviven con la elegancia del cuero. La estructura parece flotar sobre el suelo gracias a los finos y minimalistas pies hechos de secci\u00f3n cuadrada de metal.<\/p>\n","protected":false},"excerpt":{"rendered":"<p>El sof\u00e1 Auto-Reverse de Arketipo, vers\u00e1til y con una fuerte personalidad, se deriva de la idea de expresar un alma doble en la sala de estar. Su look casual y aparentemente desordenado es en contraste con el orden y el cuidado extremo de los detalles, para obtener un objeto con un estilo n\u00edtido y de [&hellip;]<\/p>\n","protected":false},"featured_media":31147,"comment_status":"closed","ping_status":"closed","template":"","meta":[],"product_brand":[],"product_cat":[209,158,205],"product_tag":[],"class_list":{"0":"post-47160","1":"product","2":"type-product","3":"status-publish","4":"has-post-thumbnail","6":"product_cat-indoor-es","7":"product_cat-sin-categoria","8":"product_cat-sofas-es","10":"first","11":"instock","12":"product-type-simple"},"_links":{"self":[{"href":"https:\/\/arketipo.com\/es\/wp-json\/wp\/v2\/product\/47160","targetHints":{"allow":["GET"]}}],"collection":[{"href":"https:\/\/arketipo.com\/es\/wp-json\/wp\/v2\/product"}],"about":[{"href":"https:\/\/arketipo.com\/es\/wp-json\/wp\/v2\/types\/product"}],"replies":[{"embeddable":true,"href":"https:\/\/arketipo.com\/es\/wp-json\/wp\/v2\/comments?post=47160"}],"wp:featuredmedia":[{"embeddable":true,"href":"https:\/\/arketipo.com\/es\/wp-json\/wp\/v2\/media\/31147"}],"wp:attachment":[{"href":"https:\/\/arketipo.com\/es\/wp-json\/wp\/v2\/media?parent=47160"}],"wp:term":[{"taxonomy":"product_brand","embeddable":true,"href":"https:\/\/arketipo.com\/es\/wp-json\/wp\/v2\/product_brand?post=47160"},{"taxonomy":"product_cat","embeddable":true,"href":"https:\/\/arketipo.com\/es\/wp-json\/wp\/v2\/product_cat?post=47160"},{"taxonomy":"product_tag","embeddable":true,"href":"https:\/\/arketipo.com\/es\/wp-json\/wp\/v2\/product_tag?post=47160"}],"curies":[{"name":"wp","href":"https:\/\/api.w.org\/{rel}","templated":true}]}}