{"id":47161,"date":"2023-03-14T17:25:54","date_gmt":"2023-03-14T16:25:54","guid":{"rendered":"https:\/\/arketipo.com\/prodotto\/back-pack\/"},"modified":"2025-07-28T14:24:35","modified_gmt":"2025-07-28T12:24:35","slug":"back-pack","status":"publish","type":"product","link":"https:\/\/arketipo.com\/es\/prodotto\/back-pack\/","title":{"rendered":"Back Pack"},"content":{"rendered":"<p>Sin nuestras mochilas estar\u00edamos perdidos, verdad Transportan los objetos que amamos a lo largo de nuestra vida y nos recuerdan los momentos pasados en el colegio cuando la vida parec\u00eda mucho m\u00e1s sencilla.<\/p>\n<p>Al crecer los utilizamos para viajar y emprender nuevas aventuras, as\u00ed que nuestro amor por las mochilas es universal por muchas razones.<\/p>\n<p>Precisamente estos recuerdos y todas las cosas (materiales y metaf\u00f3ricas) que tenemos metidas en nuestras mochilas nos han hecho pensar: por qu\u00e9 no basar un dise\u00f1o en estas ideas\u00a0 Hemos creado un sof\u00e1 que no es solo funcional, sino el lugar m\u00e1s acogedor donde sentarse durante horas y descansar. Back Pack surge de la idea de lo que para nosotros es c\u00f3modo por much\u00edsimas razones y la transporta a un contexto totalmente nuevo. Almohadas suaves, secciones de madera noble, conceptos modulares y un toque de ligereza para completar este magn\u00edfico dise\u00f1o.<\/p>\n","protected":false},"excerpt":{"rendered":"<p>Sin nuestras mochilas estar\u00edamos perdidos, verdad Transportan los objetos que amamos a lo largo de nuestra vida y nos recuerdan los momentos pasados en el colegio cuando la vida parec\u00eda mucho m\u00e1s sencilla. Al crecer los utilizamos para viajar y emprender nuevas aventuras, as\u00ed que nuestro amor por las mochilas es universal por muchas razones. [&hellip;]<\/p>\n","protected":false},"featured_media":23670,"comment_status":"closed","ping_status":"closed","template":"","meta":[],"product_brand":[],"product_cat":[209,158,205],"product_tag":[],"class_list":{"0":"post-47161","1":"product","2":"type-product","3":"status-publish","4":"has-post-thumbnail","6":"product_cat-indoor-es","7":"product_cat-sin-categoria","8":"product_cat-sofas-es","10":"first","11":"instock","12":"product-type-simple"},"_links":{"self":[{"href":"https:\/\/arketipo.com\/es\/wp-json\/wp\/v2\/product\/47161","targetHints":{"allow":["GET"]}}],"collection":[{"href":"https:\/\/arketipo.com\/es\/wp-json\/wp\/v2\/product"}],"about":[{"href":"https:\/\/arketipo.com\/es\/wp-json\/wp\/v2\/types\/product"}],"replies":[{"embeddable":true,"href":"https:\/\/arketipo.com\/es\/wp-json\/wp\/v2\/comments?post=47161"}],"wp:featuredmedia":[{"embeddable":true,"href":"https:\/\/arketipo.com\/es\/wp-json\/wp\/v2\/media\/23670"}],"wp:attachment":[{"href":"https:\/\/arketipo.com\/es\/wp-json\/wp\/v2\/media?parent=47161"}],"wp:term":[{"taxonomy":"product_brand","embeddable":true,"href":"https:\/\/arketipo.com\/es\/wp-json\/wp\/v2\/product_brand?post=47161"},{"taxonomy":"product_cat","embeddable":true,"href":"https:\/\/arketipo.com\/es\/wp-json\/wp\/v2\/product_cat?post=47161"},{"taxonomy":"product_tag","embeddable":true,"href":"https:\/\/arketipo.com\/es\/wp-json\/wp\/v2\/product_tag?post=47161"}],"curies":[{"name":"wp","href":"https:\/\/api.w.org\/{rel}","templated":true}]}}