{"id":47162,"date":"2023-03-14T17:25:49","date_gmt":"2023-03-14T16:25:49","guid":{"rendered":"https:\/\/arketipo.com\/prodotto\/brown-sugar\/"},"modified":"2025-07-28T14:24:36","modified_gmt":"2025-07-28T12:24:36","slug":"brown-sugar","status":"publish","type":"product","link":"https:\/\/arketipo.com\/es\/prodotto\/brown-sugar\/","title":{"rendered":"Brown Sugar"},"content":{"rendered":"<p>BROWN SUGAR es el nuevo sistema de asientos que, en su expresi\u00f3n de contemporaneidad estil\u00edstica, conjuga un estilo transicional y cierta suavidad.<\/p>\n<p>De la marcada personalidad de su dise\u00f1o, junto con el car\u00e1cter acogedor de las formas, surge una propuesta esencial, gr\u00e1fica y limpia.<br \/>\nEl cuidado de los detalles brinda un sabor de originalidad en su factura con un fuerte atractivo, mientras que las costuras dobles marcan el dise\u00f1o de los distintos elementos, enriqueciendo las formas con discreci\u00f3n y resaltando el mimo por los detalles. Otra peculiaridad son los reposabrazos, monol\u00edticos y suaves al mismo tiempo, que ofrecen una prolongaci\u00f3n lateral con un marcado aire de modernidad.<\/p>\n<p>Con estos mismos reposabrazos se pueden crear innumerables combinaciones formales y compositivas y en la versi\u00f3n bajo-ancho-estrecho marcan la continuidad con el respaldo.<\/p>\n","protected":false},"excerpt":{"rendered":"<p>BROWN SUGAR es el nuevo sistema de asientos que, en su expresi\u00f3n de contemporaneidad estil\u00edstica, conjuga un estilo transicional y cierta suavidad. De la marcada personalidad de su dise\u00f1o, junto con el car\u00e1cter acogedor de las formas, surge una propuesta esencial, gr\u00e1fica y limpia. El cuidado de los detalles brinda un sabor de originalidad en [&hellip;]<\/p>\n","protected":false},"featured_media":31333,"comment_status":"closed","ping_status":"closed","template":"","meta":[],"product_brand":[],"product_cat":[209,158,205],"product_tag":[],"class_list":{"0":"post-47162","1":"product","2":"type-product","3":"status-publish","4":"has-post-thumbnail","6":"product_cat-indoor-es","7":"product_cat-sin-categoria","8":"product_cat-sofas-es","10":"first","11":"instock","12":"product-type-simple"},"_links":{"self":[{"href":"https:\/\/arketipo.com\/es\/wp-json\/wp\/v2\/product\/47162","targetHints":{"allow":["GET"]}}],"collection":[{"href":"https:\/\/arketipo.com\/es\/wp-json\/wp\/v2\/product"}],"about":[{"href":"https:\/\/arketipo.com\/es\/wp-json\/wp\/v2\/types\/product"}],"replies":[{"embeddable":true,"href":"https:\/\/arketipo.com\/es\/wp-json\/wp\/v2\/comments?post=47162"}],"wp:featuredmedia":[{"embeddable":true,"href":"https:\/\/arketipo.com\/es\/wp-json\/wp\/v2\/media\/31333"}],"wp:attachment":[{"href":"https:\/\/arketipo.com\/es\/wp-json\/wp\/v2\/media?parent=47162"}],"wp:term":[{"taxonomy":"product_brand","embeddable":true,"href":"https:\/\/arketipo.com\/es\/wp-json\/wp\/v2\/product_brand?post=47162"},{"taxonomy":"product_cat","embeddable":true,"href":"https:\/\/arketipo.com\/es\/wp-json\/wp\/v2\/product_cat?post=47162"},{"taxonomy":"product_tag","embeddable":true,"href":"https:\/\/arketipo.com\/es\/wp-json\/wp\/v2\/product_tag?post=47162"}],"curies":[{"name":"wp","href":"https:\/\/api.w.org\/{rel}","templated":true}]}}