{"id":47163,"date":"2023-05-05T09:33:11","date_gmt":"2023-05-05T07:33:11","guid":{"rendered":"https:\/\/arketipo.com\/prodotto\/close-to-me\/"},"modified":"2025-07-28T14:24:37","modified_gmt":"2025-07-28T12:24:37","slug":"close-to-me","status":"publish","type":"product","link":"https:\/\/arketipo.com\/es\/prodotto\/close-to-me\/","title":{"rendered":"Close To Me"},"content":{"rendered":"<p>Aqu\u00ed el descubrimiento del yo es el objetivo. \u00bfQu\u00e9 es lo que nos hace ser nosotros mismos? Si la canci\u00f3n nos pide que nos tomemos un momento, tambi\u00e9n lo hace nuestro sof\u00e1. Si la canci\u00f3n nos pide que tengamos fe, tambi\u00e9n lo hace nuestro sof\u00e1. Los reposabrazos de doble tama\u00f1o, las dos alturas diferentes del respaldo e incluso el pie en forma de media luna son hipn\u00f3ticos; pero es en el cintur\u00f3n acolchado que rodea el sof\u00e1 el que nos pide que abracemos algo. Sea lo que sea, al fin y al cabo se trata del individuo.<\/p>\n<p>Incluso si su sonido que apaga el alma no fuera suficiente para reflejar la angustia adolescente interior que todos experimentamos, la l\u00ednea de fondo percusiva y la obra maestra de cuatro acordes hipn\u00f3ticos de The Cure se ajustan perfectamente a lo que es este sof\u00e1.<\/p>\n<p>Al igual que las delicadas notas del teclado que se escuchan en todo momento, es en el impecable dise\u00f1o donde nos acercamos a lo que somos.<\/p>\n","protected":false},"excerpt":{"rendered":"<p>Aqu\u00ed el descubrimiento del yo es el objetivo. \u00bfQu\u00e9 es lo que nos hace ser nosotros mismos? Si la canci\u00f3n nos pide que nos tomemos un momento, tambi\u00e9n lo hace nuestro sof\u00e1. Si la canci\u00f3n nos pide que tengamos fe, tambi\u00e9n lo hace nuestro sof\u00e1. Los reposabrazos de doble tama\u00f1o, las dos alturas diferentes del [&hellip;]<\/p>\n","protected":false},"featured_media":39334,"comment_status":"closed","ping_status":"closed","template":"","meta":[],"product_brand":[],"product_cat":[209,205],"product_tag":[],"class_list":{"0":"post-47163","1":"product","2":"type-product","3":"status-publish","4":"has-post-thumbnail","6":"product_cat-indoor-es","7":"product_cat-sofas-es","9":"first","10":"instock","11":"product-type-simple"},"_links":{"self":[{"href":"https:\/\/arketipo.com\/es\/wp-json\/wp\/v2\/product\/47163","targetHints":{"allow":["GET"]}}],"collection":[{"href":"https:\/\/arketipo.com\/es\/wp-json\/wp\/v2\/product"}],"about":[{"href":"https:\/\/arketipo.com\/es\/wp-json\/wp\/v2\/types\/product"}],"replies":[{"embeddable":true,"href":"https:\/\/arketipo.com\/es\/wp-json\/wp\/v2\/comments?post=47163"}],"wp:featuredmedia":[{"embeddable":true,"href":"https:\/\/arketipo.com\/es\/wp-json\/wp\/v2\/media\/39334"}],"wp:attachment":[{"href":"https:\/\/arketipo.com\/es\/wp-json\/wp\/v2\/media?parent=47163"}],"wp:term":[{"taxonomy":"product_brand","embeddable":true,"href":"https:\/\/arketipo.com\/es\/wp-json\/wp\/v2\/product_brand?post=47163"},{"taxonomy":"product_cat","embeddable":true,"href":"https:\/\/arketipo.com\/es\/wp-json\/wp\/v2\/product_cat?post=47163"},{"taxonomy":"product_tag","embeddable":true,"href":"https:\/\/arketipo.com\/es\/wp-json\/wp\/v2\/product_tag?post=47163"}],"curies":[{"name":"wp","href":"https:\/\/api.w.org\/{rel}","templated":true}]}}