{"id":47164,"date":"2023-03-14T17:25:53","date_gmt":"2023-03-14T16:25:53","guid":{"rendered":"https:\/\/arketipo.com\/prodotto\/crazy-diamond\/"},"modified":"2025-07-28T14:24:39","modified_gmt":"2025-07-28T12:24:39","slug":"crazy-diamond","status":"publish","type":"product","link":"https:\/\/arketipo.com\/es\/prodotto\/crazy-diamond\/","title":{"rendered":"Crazy Diamond"},"content":{"rendered":"<p>Crazy Diamond es un sofa para \u00a0\u00abvivirlo\u00bb, gracias al especial movimiento del respaldo que, apoyandose sobre si mismo, permite distenderse con un simple gesto, quedando comodamente sentado.<\/p>\n<p>Cada uno podr\u00e1 encontrar la posici\u00f3n ideal gracias a su versatilidad. Los multiples elementos de los que esta compuesto dan vida a una amplia gama de combinaciones coreogr\u00e1ficas y de fuerte impacto visual. Habiendo repropuesto la movimentaci\u00f3n tambi\u00e9n sobre los brazos se obtiene el maximo comfort y flexibilidad.<\/p>\n<p>En 2017 Crazy Diamond se renueva y ampl\u00eda con los nuevos elementos STILL, de respaldo fijo, que permiten una modularidad a\u00fan m\u00e1s personalizable.<\/p>\n<p>Crazy Diamond ser\u00e1 protagonista de cada ambiente como la m\u00e1s preciosa de las gemas.<\/p>\n<p>Sue\u00f1a. Ama. Vive! Sobre Crazy Diamond.<\/p>\n","protected":false},"excerpt":{"rendered":"<p>Crazy Diamond es un sofa para \u00a0\u00abvivirlo\u00bb, gracias al especial movimiento del respaldo que, apoyandose sobre si mismo, permite distenderse con un simple gesto, quedando comodamente sentado. Cada uno podr\u00e1 encontrar la posici\u00f3n ideal gracias a su versatilidad. Los multiples elementos de los que esta compuesto dan vida a una amplia gama de combinaciones coreogr\u00e1ficas [&hellip;]<\/p>\n","protected":false},"featured_media":32172,"comment_status":"closed","ping_status":"closed","template":"","meta":[],"product_brand":[],"product_cat":[209,158,205],"product_tag":[],"class_list":{"0":"post-47164","1":"product","2":"type-product","3":"status-publish","4":"has-post-thumbnail","6":"product_cat-indoor-es","7":"product_cat-sin-categoria","8":"product_cat-sofas-es","10":"first","11":"instock","12":"product-type-simple"},"_links":{"self":[{"href":"https:\/\/arketipo.com\/es\/wp-json\/wp\/v2\/product\/47164","targetHints":{"allow":["GET"]}}],"collection":[{"href":"https:\/\/arketipo.com\/es\/wp-json\/wp\/v2\/product"}],"about":[{"href":"https:\/\/arketipo.com\/es\/wp-json\/wp\/v2\/types\/product"}],"replies":[{"embeddable":true,"href":"https:\/\/arketipo.com\/es\/wp-json\/wp\/v2\/comments?post=47164"}],"wp:featuredmedia":[{"embeddable":true,"href":"https:\/\/arketipo.com\/es\/wp-json\/wp\/v2\/media\/32172"}],"wp:attachment":[{"href":"https:\/\/arketipo.com\/es\/wp-json\/wp\/v2\/media?parent=47164"}],"wp:term":[{"taxonomy":"product_brand","embeddable":true,"href":"https:\/\/arketipo.com\/es\/wp-json\/wp\/v2\/product_brand?post=47164"},{"taxonomy":"product_cat","embeddable":true,"href":"https:\/\/arketipo.com\/es\/wp-json\/wp\/v2\/product_cat?post=47164"},{"taxonomy":"product_tag","embeddable":true,"href":"https:\/\/arketipo.com\/es\/wp-json\/wp\/v2\/product_tag?post=47164"}],"curies":[{"name":"wp","href":"https:\/\/api.w.org\/{rel}","templated":true}]}}