{"id":47165,"date":"2023-03-14T17:25:54","date_gmt":"2023-03-14T16:25:54","guid":{"rendered":"https:\/\/arketipo.com\/prodotto\/ego\/"},"modified":"2025-07-28T14:24:40","modified_gmt":"2025-07-28T12:24:40","slug":"ego","status":"publish","type":"product","link":"https:\/\/arketipo.com\/es\/prodotto\/ego\/","title":{"rendered":"Ego"},"content":{"rendered":"<p>L\u00edneas geom\u00e9tricas y esculpidas que determinan una gran personalidad y un estilo \u00fanico combinado con el m\u00e1ximo confort.<\/p>\n<p>Asiento,respaldo y apoyabrazos suaves y de gran tama\u00f1o para un confort total. Ego es una revisi\u00f3n muy actual del concepto del sof\u00e1 de los a\u00f1os 80.<\/p>\n<p>La estructura del pie, disponible en cromado o pintado marr\u00f3n mic\u00e1ceo,soporta los amplios brazos en pluma.<\/p>\n","protected":false},"excerpt":{"rendered":"<p>L\u00edneas geom\u00e9tricas y esculpidas que determinan una gran personalidad y un estilo \u00fanico combinado con el m\u00e1ximo confort. Asiento,respaldo y apoyabrazos suaves y de gran tama\u00f1o para un confort total. Ego es una revisi\u00f3n muy actual del concepto del sof\u00e1 de los a\u00f1os 80. La estructura del pie, disponible en cromado o pintado marr\u00f3n mic\u00e1ceo,soporta [&hellip;]<\/p>\n","protected":false},"featured_media":23464,"comment_status":"closed","ping_status":"closed","template":"","meta":[],"product_brand":[],"product_cat":[209,158,205],"product_tag":[],"class_list":{"0":"post-47165","1":"product","2":"type-product","3":"status-publish","4":"has-post-thumbnail","6":"product_cat-indoor-es","7":"product_cat-sin-categoria","8":"product_cat-sofas-es","10":"first","11":"instock","12":"product-type-simple"},"_links":{"self":[{"href":"https:\/\/arketipo.com\/es\/wp-json\/wp\/v2\/product\/47165","targetHints":{"allow":["GET"]}}],"collection":[{"href":"https:\/\/arketipo.com\/es\/wp-json\/wp\/v2\/product"}],"about":[{"href":"https:\/\/arketipo.com\/es\/wp-json\/wp\/v2\/types\/product"}],"replies":[{"embeddable":true,"href":"https:\/\/arketipo.com\/es\/wp-json\/wp\/v2\/comments?post=47165"}],"wp:featuredmedia":[{"embeddable":true,"href":"https:\/\/arketipo.com\/es\/wp-json\/wp\/v2\/media\/23464"}],"wp:attachment":[{"href":"https:\/\/arketipo.com\/es\/wp-json\/wp\/v2\/media?parent=47165"}],"wp:term":[{"taxonomy":"product_brand","embeddable":true,"href":"https:\/\/arketipo.com\/es\/wp-json\/wp\/v2\/product_brand?post=47165"},{"taxonomy":"product_cat","embeddable":true,"href":"https:\/\/arketipo.com\/es\/wp-json\/wp\/v2\/product_cat?post=47165"},{"taxonomy":"product_tag","embeddable":true,"href":"https:\/\/arketipo.com\/es\/wp-json\/wp\/v2\/product_tag?post=47165"}],"curies":[{"name":"wp","href":"https:\/\/api.w.org\/{rel}","templated":true}]}}