{"id":47167,"date":"2023-03-14T17:25:50","date_gmt":"2023-03-14T16:25:50","guid":{"rendered":"https:\/\/arketipo.com\/prodotto\/loft\/"},"modified":"2025-07-28T14:24:43","modified_gmt":"2025-07-28T12:24:43","slug":"loft","status":"publish","type":"product","link":"https:\/\/arketipo.com\/es\/prodotto\/loft\/","title":{"rendered":"Loft"},"content":{"rendered":"<p>Inspiraciones estil\u00edsticas y \u00e9steticas renovadas para el sof\u00e1 Atlas.<\/p>\n<p>Un dise\u00f1o de la fuerza interplanetaria en el cual las diversidades se convierten en un valor a\u00f1adido y caracterizante. Volumenes y formas diversas entre si se encuentran y se unen en un espacio imaginario, dando vida a un escenario donde los apoyabrazos slim y anchos, altos y bajos, respaldos, \u00e1ngulos terminales, peninsulas, elementos centrales y complementos se reencuentran como elementos singulares. El resultado es una imagen arquitectonica siempre diversa, del lenguage cosmopolita que responde a las m\u00e1s variadas exigencias.<\/p>\n<p>La libertad compositiva de Atlas est\u00e1 libre de compromisos!<\/p>\n<p>Libres expresiones \u00fanicas y de alta calidad a la medida.<\/p>\n","protected":false},"excerpt":{"rendered":"<p>Inspiraciones estil\u00edsticas y \u00e9steticas renovadas para el sof\u00e1 Atlas. Un dise\u00f1o de la fuerza interplanetaria en el cual las diversidades se convierten en un valor a\u00f1adido y caracterizante. Volumenes y formas diversas entre si se encuentran y se unen en un espacio imaginario, dando vida a un escenario donde los apoyabrazos slim y anchos, altos [&hellip;]<\/p>\n","protected":false},"featured_media":31439,"comment_status":"closed","ping_status":"closed","template":"","meta":[],"product_brand":[],"product_cat":[209,205],"product_tag":[],"class_list":{"0":"post-47167","1":"product","2":"type-product","3":"status-publish","4":"has-post-thumbnail","6":"product_cat-indoor-es","7":"product_cat-sofas-es","9":"first","10":"instock","11":"product-type-simple"},"_links":{"self":[{"href":"https:\/\/arketipo.com\/es\/wp-json\/wp\/v2\/product\/47167","targetHints":{"allow":["GET"]}}],"collection":[{"href":"https:\/\/arketipo.com\/es\/wp-json\/wp\/v2\/product"}],"about":[{"href":"https:\/\/arketipo.com\/es\/wp-json\/wp\/v2\/types\/product"}],"replies":[{"embeddable":true,"href":"https:\/\/arketipo.com\/es\/wp-json\/wp\/v2\/comments?post=47167"}],"wp:featuredmedia":[{"embeddable":true,"href":"https:\/\/arketipo.com\/es\/wp-json\/wp\/v2\/media\/31439"}],"wp:attachment":[{"href":"https:\/\/arketipo.com\/es\/wp-json\/wp\/v2\/media?parent=47167"}],"wp:term":[{"taxonomy":"product_brand","embeddable":true,"href":"https:\/\/arketipo.com\/es\/wp-json\/wp\/v2\/product_brand?post=47167"},{"taxonomy":"product_cat","embeddable":true,"href":"https:\/\/arketipo.com\/es\/wp-json\/wp\/v2\/product_cat?post=47167"},{"taxonomy":"product_tag","embeddable":true,"href":"https:\/\/arketipo.com\/es\/wp-json\/wp\/v2\/product_tag?post=47167"}],"curies":[{"name":"wp","href":"https:\/\/api.w.org\/{rel}","templated":true}]}}