{"id":47169,"date":"2023-03-14T17:25:50","date_gmt":"2023-03-14T16:25:50","guid":{"rendered":"https:\/\/arketipo.com\/prodotto\/mayfair\/"},"modified":"2025-07-28T14:24:45","modified_gmt":"2025-07-28T12:24:45","slug":"mayfair","status":"publish","type":"product","link":"https:\/\/arketipo.com\/es\/prodotto\/mayfair\/","title":{"rendered":"Mayfair"},"content":{"rendered":"<p>Mayfair, dise\u00f1ado por Leo Dainelli, es un modelo que combina glamour, buen gusto y excelencia de alta costura, creando una l\u00ednea preciosa, se\u00f1orial y sofisticada, adecuada para ambientes cl\u00e1sicos o renovados.<\/p>\n<p>Las impecables costuras del acolchado unidas a los suaves rellenos de pluma, as\u00ed como las tapicer\u00edas propuestas, en terciopelo o piel, dan forma y riqueza a un sof\u00e1 con un alma suave y confortable.<\/p>\n<p>Adem\u00e1s, el movimiento especial del respaldo a\u00f1ade comodidad y ergonom\u00eda.<\/p>\n","protected":false},"excerpt":{"rendered":"<p>Mayfair, dise\u00f1ado por Leo Dainelli, es un modelo que combina glamour, buen gusto y excelencia de alta costura, creando una l\u00ednea preciosa, se\u00f1orial y sofisticada, adecuada para ambientes cl\u00e1sicos o renovados. Las impecables costuras del acolchado unidas a los suaves rellenos de pluma, as\u00ed como las tapicer\u00edas propuestas, en terciopelo o piel, dan forma y [&hellip;]<\/p>\n","protected":false},"featured_media":31621,"comment_status":"closed","ping_status":"closed","template":"","meta":[],"product_brand":[],"product_cat":[209,205],"product_tag":[372],"class_list":{"0":"post-47169","1":"product","2":"type-product","3":"status-publish","4":"has-post-thumbnail","6":"product_cat-indoor-es","7":"product_cat-sofas-es","8":"product_tag-mayfair-4","10":"first","11":"instock","12":"product-type-simple"},"_links":{"self":[{"href":"https:\/\/arketipo.com\/es\/wp-json\/wp\/v2\/product\/47169","targetHints":{"allow":["GET"]}}],"collection":[{"href":"https:\/\/arketipo.com\/es\/wp-json\/wp\/v2\/product"}],"about":[{"href":"https:\/\/arketipo.com\/es\/wp-json\/wp\/v2\/types\/product"}],"replies":[{"embeddable":true,"href":"https:\/\/arketipo.com\/es\/wp-json\/wp\/v2\/comments?post=47169"}],"wp:featuredmedia":[{"embeddable":true,"href":"https:\/\/arketipo.com\/es\/wp-json\/wp\/v2\/media\/31621"}],"wp:attachment":[{"href":"https:\/\/arketipo.com\/es\/wp-json\/wp\/v2\/media?parent=47169"}],"wp:term":[{"taxonomy":"product_brand","embeddable":true,"href":"https:\/\/arketipo.com\/es\/wp-json\/wp\/v2\/product_brand?post=47169"},{"taxonomy":"product_cat","embeddable":true,"href":"https:\/\/arketipo.com\/es\/wp-json\/wp\/v2\/product_cat?post=47169"},{"taxonomy":"product_tag","embeddable":true,"href":"https:\/\/arketipo.com\/es\/wp-json\/wp\/v2\/product_tag?post=47169"}],"curies":[{"name":"wp","href":"https:\/\/api.w.org\/{rel}","templated":true}]}}