{"id":47171,"date":"2023-03-14T17:25:51","date_gmt":"2023-03-14T16:25:51","guid":{"rendered":"https:\/\/arketipo.com\/prodotto\/moss\/"},"modified":"2025-07-28T14:24:47","modified_gmt":"2025-07-28T12:24:47","slug":"moss","status":"publish","type":"product","link":"https:\/\/arketipo.com\/es\/prodotto\/moss\/","title":{"rendered":"Moss"},"content":{"rendered":"<p>Impronta minimalista y sofisticada esencialidad para el sof\u00e1 Moss, del dise\u00f1o elegante y puro. Presenta un asiento \u00fanico en poliuretano expandido con niveles diferenciados que se adapta sobre una base sutil y lineal que exalta las formas. El resultado visual es la sensaci\u00f3n de seguridad de un confort cotidiano cuidado hasta los m\u00ednimos detalles.<\/p>\n<p>Un confort no solo de admirar, pero sobre todo de vivir. Todo el per\u00edmetro del sof\u00e1, incluidos los cojines, est\u00e1 recorrido por un borde vivo, aplicado con una elaboraci\u00f3n artesanal. Un detalle que enriquece y confiere un aire sofisticado y contemporaneo.<\/p>\n<p>La busqueda de la continuidad de estilo se refuerza con la calidad de los materiales empleados y de las lineas puras que lo convierten facilmente adaptable a la zona de estar.<\/p>\n","protected":false},"excerpt":{"rendered":"<p>Impronta minimalista y sofisticada esencialidad para el sof\u00e1 Moss, del dise\u00f1o elegante y puro. Presenta un asiento \u00fanico en poliuretano expandido con niveles diferenciados que se adapta sobre una base sutil y lineal que exalta las formas. El resultado visual es la sensaci\u00f3n de seguridad de un confort cotidiano cuidado hasta los m\u00ednimos detalles. Un [&hellip;]<\/p>\n","protected":false},"featured_media":31793,"comment_status":"closed","ping_status":"closed","template":"","meta":[],"product_brand":[],"product_cat":[209,158,205],"product_tag":[],"class_list":{"0":"post-47171","1":"product","2":"type-product","3":"status-publish","4":"has-post-thumbnail","6":"product_cat-indoor-es","7":"product_cat-sin-categoria","8":"product_cat-sofas-es","10":"first","11":"instock","12":"product-type-simple"},"_links":{"self":[{"href":"https:\/\/arketipo.com\/es\/wp-json\/wp\/v2\/product\/47171","targetHints":{"allow":["GET"]}}],"collection":[{"href":"https:\/\/arketipo.com\/es\/wp-json\/wp\/v2\/product"}],"about":[{"href":"https:\/\/arketipo.com\/es\/wp-json\/wp\/v2\/types\/product"}],"replies":[{"embeddable":true,"href":"https:\/\/arketipo.com\/es\/wp-json\/wp\/v2\/comments?post=47171"}],"wp:featuredmedia":[{"embeddable":true,"href":"https:\/\/arketipo.com\/es\/wp-json\/wp\/v2\/media\/31793"}],"wp:attachment":[{"href":"https:\/\/arketipo.com\/es\/wp-json\/wp\/v2\/media?parent=47171"}],"wp:term":[{"taxonomy":"product_brand","embeddable":true,"href":"https:\/\/arketipo.com\/es\/wp-json\/wp\/v2\/product_brand?post=47171"},{"taxonomy":"product_cat","embeddable":true,"href":"https:\/\/arketipo.com\/es\/wp-json\/wp\/v2\/product_cat?post=47171"},{"taxonomy":"product_tag","embeddable":true,"href":"https:\/\/arketipo.com\/es\/wp-json\/wp\/v2\/product_tag?post=47171"}],"curies":[{"name":"wp","href":"https:\/\/api.w.org\/{rel}","templated":true}]}}