{"id":47173,"date":"2023-03-14T17:26:23","date_gmt":"2023-03-14T16:26:23","guid":{"rendered":"https:\/\/arketipo.com\/prodotto\/night-fever\/"},"modified":"2025-07-28T14:24:50","modified_gmt":"2025-07-28T12:24:50","slug":"night-fever","status":"publish","type":"product","link":"https:\/\/arketipo.com\/es\/prodotto\/night-fever\/","title":{"rendered":"Night Fever"},"content":{"rendered":"<p>Night Fever: elige tu forma de vida.<br \/>\nNight Fever es una expresi\u00f3n con tanta fuerza en la cultura popular que no ser\u00eda de extra\u00f1ar que canturreases una melod\u00eda, distinguieses ese caminar o incluso te arranques a bailar, porque ser un icono se reduce a momentos. Momentos que captan una intenci\u00f3n, una sensaci\u00f3n, una forma de vivir.<\/p>\n<p>Night Fever de Giuseppe Vigan\u00f3 guarda relaci\u00f3n con el momento, con la oportunidad de recordar la velada, tu manera de crear recuerdos, de evocarlos cuando necesitas escapar a un lugar de confort total. El dise\u00f1o es subjetivo, personal, un proceso que requiere imaginaci\u00f3n y aqu\u00ed, con Night Fever, tu imaginaci\u00f3n est\u00e1 pidiendo a gritos ser explorada. Es un sof\u00e1 que quiere que encuentres un lugar, tu comodidad, tus ganas de dar un sentido a la vida.<\/p>\n<p>Puedes colocar los cojines como quieras, descubrir c\u00f3mo jugar con su forma irregular, porque aqu\u00ed t\u00fa decides c\u00f3mo quieres sentarte. Observa c\u00f3mo poner los cojines para mejorar al m\u00e1ximo el confort y la postura, y presta mucha atenci\u00f3n a la costura, otro ejemplo perfecto de precisi\u00f3n en los detalles.<br \/>\nNight Fever, es m\u00e1s que cultura pop, es una forma de vida. Hay algo m\u00e1s pop que eso?<\/p>\n","protected":false},"excerpt":{"rendered":"<p>Night Fever: elige tu forma de vida. Night Fever es una expresi\u00f3n con tanta fuerza en la cultura popular que no ser\u00eda de extra\u00f1ar que canturreases una melod\u00eda, distinguieses ese caminar o incluso te arranques a bailar, porque ser un icono se reduce a momentos. Momentos que captan una intenci\u00f3n, una sensaci\u00f3n, una forma de [&hellip;]<\/p>\n","protected":false},"featured_media":35902,"comment_status":"closed","ping_status":"closed","template":"","meta":[],"product_brand":[],"product_cat":[209,158,205],"product_tag":[],"class_list":{"0":"post-47173","1":"product","2":"type-product","3":"status-publish","4":"has-post-thumbnail","6":"product_cat-indoor-es","7":"product_cat-sin-categoria","8":"product_cat-sofas-es","10":"first","11":"instock","12":"product-type-simple"},"_links":{"self":[{"href":"https:\/\/arketipo.com\/es\/wp-json\/wp\/v2\/product\/47173","targetHints":{"allow":["GET"]}}],"collection":[{"href":"https:\/\/arketipo.com\/es\/wp-json\/wp\/v2\/product"}],"about":[{"href":"https:\/\/arketipo.com\/es\/wp-json\/wp\/v2\/types\/product"}],"replies":[{"embeddable":true,"href":"https:\/\/arketipo.com\/es\/wp-json\/wp\/v2\/comments?post=47173"}],"wp:featuredmedia":[{"embeddable":true,"href":"https:\/\/arketipo.com\/es\/wp-json\/wp\/v2\/media\/35902"}],"wp:attachment":[{"href":"https:\/\/arketipo.com\/es\/wp-json\/wp\/v2\/media?parent=47173"}],"wp:term":[{"taxonomy":"product_brand","embeddable":true,"href":"https:\/\/arketipo.com\/es\/wp-json\/wp\/v2\/product_brand?post=47173"},{"taxonomy":"product_cat","embeddable":true,"href":"https:\/\/arketipo.com\/es\/wp-json\/wp\/v2\/product_cat?post=47173"},{"taxonomy":"product_tag","embeddable":true,"href":"https:\/\/arketipo.com\/es\/wp-json\/wp\/v2\/product_tag?post=47173"}],"curies":[{"name":"wp","href":"https:\/\/api.w.org\/{rel}","templated":true}]}}