{"id":47174,"date":"2023-03-14T17:25:55","date_gmt":"2023-03-14T16:25:55","guid":{"rendered":"https:\/\/arketipo.com\/prodotto\/plat\/"},"modified":"2025-07-28T14:24:50","modified_gmt":"2025-07-28T12:24:50","slug":"plat","status":"publish","type":"product","link":"https:\/\/arketipo.com\/es\/prodotto\/plat\/","title":{"rendered":"Plat"},"content":{"rendered":"<p>Plat es un sistema compuesto por una amplia gama de elementos combinables que, adem\u00e1s de brindar gran comodidad permite crear soluciones formales que nunca se repiten.<\/p>\n<p>La plataforma constituye la aportaci\u00f3n original de este modelo: extensi\u00f3n del sistema en el espacio que puede emplearse como superficie de apoyo pero tambi\u00e9n como asiento informal. Dicha plataforma se puede equipar con una serie de \u00fatiles librer\u00edas y bandejas de diferentes tama\u00f1os realizadas en acero inox o en cristal templado.<\/p>\n","protected":false},"excerpt":{"rendered":"<p>Plat es un sistema compuesto por una amplia gama de elementos combinables que, adem\u00e1s de brindar gran comodidad permite crear soluciones formales que nunca se repiten. La plataforma constituye la aportaci\u00f3n original de este modelo: extensi\u00f3n del sistema en el espacio que puede emplearse como superficie de apoyo pero tambi\u00e9n como asiento informal. Dicha plataforma [&hellip;]<\/p>\n","protected":false},"featured_media":24102,"comment_status":"closed","ping_status":"closed","template":"","meta":[],"product_brand":[],"product_cat":[209,158,205],"product_tag":[],"class_list":{"0":"post-47174","1":"product","2":"type-product","3":"status-publish","4":"has-post-thumbnail","6":"product_cat-indoor-es","7":"product_cat-sin-categoria","8":"product_cat-sofas-es","10":"first","11":"instock","12":"product-type-simple"},"_links":{"self":[{"href":"https:\/\/arketipo.com\/es\/wp-json\/wp\/v2\/product\/47174","targetHints":{"allow":["GET"]}}],"collection":[{"href":"https:\/\/arketipo.com\/es\/wp-json\/wp\/v2\/product"}],"about":[{"href":"https:\/\/arketipo.com\/es\/wp-json\/wp\/v2\/types\/product"}],"replies":[{"embeddable":true,"href":"https:\/\/arketipo.com\/es\/wp-json\/wp\/v2\/comments?post=47174"}],"wp:featuredmedia":[{"embeddable":true,"href":"https:\/\/arketipo.com\/es\/wp-json\/wp\/v2\/media\/24102"}],"wp:attachment":[{"href":"https:\/\/arketipo.com\/es\/wp-json\/wp\/v2\/media?parent=47174"}],"wp:term":[{"taxonomy":"product_brand","embeddable":true,"href":"https:\/\/arketipo.com\/es\/wp-json\/wp\/v2\/product_brand?post=47174"},{"taxonomy":"product_cat","embeddable":true,"href":"https:\/\/arketipo.com\/es\/wp-json\/wp\/v2\/product_cat?post=47174"},{"taxonomy":"product_tag","embeddable":true,"href":"https:\/\/arketipo.com\/es\/wp-json\/wp\/v2\/product_tag?post=47174"}],"curies":[{"name":"wp","href":"https:\/\/api.w.org\/{rel}","templated":true}]}}