{"id":47175,"date":"2023-04-04T15:49:08","date_gmt":"2023-04-04T13:49:08","guid":{"rendered":"https:\/\/arketipo.com\/prodotto\/punta-ala\/"},"modified":"2025-07-28T14:24:52","modified_gmt":"2025-07-28T12:24:52","slug":"punta-ala","status":"publish","type":"product","link":"https:\/\/arketipo.com\/es\/prodotto\/punta-ala\/","title":{"rendered":"Punta Ala"},"content":{"rendered":"<p>El sof\u00e1 Punta Ala, de geometr\u00edas primarias envolventes y rigurosas, presenta una estructura esencial de metal, para formar un nido s\u00f3lido y ligero al mismo tiempo que alberga las suaves partes de apoyo, aportando una sensaci\u00f3n de agradable relax.<\/p>\n<p>Punta Ala establece un di\u00e1logo centrado en el contraste entre las r\u00edgidas l\u00edneas tubulares del bastidor y los vol\u00famenes b\u00e1sicos y suaves, utilizando un l\u00e9xico marcado por su pureza compositiva, para lograr como resultado un sof\u00e1 de forma a\u00e9rea y ligera. El leitmotiv est\u00e9tico est\u00e1 representado por las correas con un dise\u00f1o de trama y urdimbre agradablemente elaborado, \u00fanico en su g\u00e9nero. En el respaldo se suceden las correas, creadas con una \u00fanica cinta, formando un trenzado en espiral con un movimiento sin soluciones de continuidad que crea un zigzag din\u00e1mico especialmente llamativo. Se logra as\u00ed una sensaci\u00f3n de ligereza y frescura, como una brisa marina que acaricia y vigoriza. Por la originalidad de los signos, con su identidad incuestionable, y la combinaci\u00f3n entre relax y placer est\u00e9tico que se percibe a primera vista, Punta Ala es un sof\u00e1 que cautiva de inmediato: una soluci\u00f3n de dise\u00f1o que reafirma la voluntad de crear modelos con una marcada sensibilidad, protagonistas discretos de una elegancia innata. Es posible integrar en la estructura algunos elementos auxiliares: con salientes m\u00ednimos, las mesitas auxiliares de madera maciza, como peque\u00f1os promontorios satisfacen las necesidades de apoyo a lo largo de todo el per\u00edmetro posterior y lateral del sof\u00e1 con originalidad compositiva, marcando un ritmo original.<\/p>\n","protected":false},"excerpt":{"rendered":"<p>El sof\u00e1 Punta Ala, de geometr\u00edas primarias envolventes y rigurosas, presenta una estructura esencial de metal, para formar un nido s\u00f3lido y ligero al mismo tiempo que alberga las suaves partes de apoyo, aportando una sensaci\u00f3n de agradable relax. Punta Ala establece un di\u00e1logo centrado en el contraste entre las r\u00edgidas l\u00edneas tubulares del bastidor [&hellip;]<\/p>\n","protected":false},"featured_media":36825,"comment_status":"closed","ping_status":"closed","template":"","meta":[],"product_brand":[],"product_cat":[219,205],"product_tag":[],"class_list":{"0":"post-47175","1":"product","2":"type-product","3":"status-publish","4":"has-post-thumbnail","6":"product_cat-outdoor-es","7":"product_cat-sofas-es","9":"first","10":"instock","11":"product-type-simple"},"_links":{"self":[{"href":"https:\/\/arketipo.com\/es\/wp-json\/wp\/v2\/product\/47175","targetHints":{"allow":["GET"]}}],"collection":[{"href":"https:\/\/arketipo.com\/es\/wp-json\/wp\/v2\/product"}],"about":[{"href":"https:\/\/arketipo.com\/es\/wp-json\/wp\/v2\/types\/product"}],"replies":[{"embeddable":true,"href":"https:\/\/arketipo.com\/es\/wp-json\/wp\/v2\/comments?post=47175"}],"wp:featuredmedia":[{"embeddable":true,"href":"https:\/\/arketipo.com\/es\/wp-json\/wp\/v2\/media\/36825"}],"wp:attachment":[{"href":"https:\/\/arketipo.com\/es\/wp-json\/wp\/v2\/media?parent=47175"}],"wp:term":[{"taxonomy":"product_brand","embeddable":true,"href":"https:\/\/arketipo.com\/es\/wp-json\/wp\/v2\/product_brand?post=47175"},{"taxonomy":"product_cat","embeddable":true,"href":"https:\/\/arketipo.com\/es\/wp-json\/wp\/v2\/product_cat?post=47175"},{"taxonomy":"product_tag","embeddable":true,"href":"https:\/\/arketipo.com\/es\/wp-json\/wp\/v2\/product_tag?post=47175"}],"curies":[{"name":"wp","href":"https:\/\/api.w.org\/{rel}","templated":true}]}}