{"id":47176,"date":"2023-03-14T17:26:03","date_gmt":"2023-03-14T16:26:03","guid":{"rendered":"https:\/\/arketipo.com\/prodotto\/santos\/"},"modified":"2025-08-04T17:32:02","modified_gmt":"2025-08-04T15:32:02","slug":"santos","status":"publish","type":"product","link":"https:\/\/arketipo.com\/es\/prodotto\/santos\/","title":{"rendered":"Santos"},"content":{"rendered":"<p>Llevar los interiores al exterior siempre conlleva compromisos. Para muchos, el dise\u00f1o viene despu\u00e9s de la comodidad, para otros es todo lo contrario.<\/p>\n<p>Para Gino Carollo el compromiso nunca fue una opci\u00f3n. Los exteriores siempre deber\u00edan contar con el mismo nivel de estilo y comodidad de lo que se fabrica para interiores. Inspir\u00e1ndose en un v\u00ednculo con la naturaleza, Santos presenta l\u00edneas geom\u00e9tricas decididas que, entrelaz\u00e1ndose y superponi\u00e9ndose, crean una forma din\u00e1mica. Gracias a la utilizaci\u00f3n de materiales resistentes, tratados para estar protegidos todo el a\u00f1o, la funcionalidad es la prioridad pero no eclipsa la fuerza del dise\u00f1o que une el deseo entre el espacio interior y exterior. Basta una mirada a este dise\u00f1o para pensar err\u00f3neamente que se trata de un mueble apto para cualquier espacio interior. Sin embargo, precisamente esta es la cuesti\u00f3n, verdad? Por qu\u00e9 el exterior deber\u00eda ser menos agradable cuando, en realidad, es todo lo contrario?<\/p>\n","protected":false},"excerpt":{"rendered":"<p>Llevar los interiores al exterior siempre conlleva compromisos. Para muchos, el dise\u00f1o viene despu\u00e9s de la comodidad, para otros es todo lo contrario. Para Gino Carollo el compromiso nunca fue una opci\u00f3n. Los exteriores siempre deber\u00edan contar con el mismo nivel de estilo y comodidad de lo que se fabrica para interiores. Inspir\u00e1ndose en un [&hellip;]<\/p>\n","protected":false},"featured_media":33499,"comment_status":"closed","ping_status":"closed","template":"","meta":[],"product_brand":[],"product_cat":[219,205],"product_tag":[],"class_list":{"0":"post-47176","1":"product","2":"type-product","3":"status-publish","4":"has-post-thumbnail","6":"product_cat-outdoor-es","7":"product_cat-sofas-es","9":"first","10":"instock","11":"product-type-simple"},"_links":{"self":[{"href":"https:\/\/arketipo.com\/es\/wp-json\/wp\/v2\/product\/47176","targetHints":{"allow":["GET"]}}],"collection":[{"href":"https:\/\/arketipo.com\/es\/wp-json\/wp\/v2\/product"}],"about":[{"href":"https:\/\/arketipo.com\/es\/wp-json\/wp\/v2\/types\/product"}],"replies":[{"embeddable":true,"href":"https:\/\/arketipo.com\/es\/wp-json\/wp\/v2\/comments?post=47176"}],"wp:featuredmedia":[{"embeddable":true,"href":"https:\/\/arketipo.com\/es\/wp-json\/wp\/v2\/media\/33499"}],"wp:attachment":[{"href":"https:\/\/arketipo.com\/es\/wp-json\/wp\/v2\/media?parent=47176"}],"wp:term":[{"taxonomy":"product_brand","embeddable":true,"href":"https:\/\/arketipo.com\/es\/wp-json\/wp\/v2\/product_brand?post=47176"},{"taxonomy":"product_cat","embeddable":true,"href":"https:\/\/arketipo.com\/es\/wp-json\/wp\/v2\/product_cat?post=47176"},{"taxonomy":"product_tag","embeddable":true,"href":"https:\/\/arketipo.com\/es\/wp-json\/wp\/v2\/product_tag?post=47176"}],"curies":[{"name":"wp","href":"https:\/\/api.w.org\/{rel}","templated":true}]}}