{"id":47177,"date":"2023-03-14T17:26:23","date_gmt":"2023-03-14T16:26:23","guid":{"rendered":"https:\/\/arketipo.com\/prodotto\/self-control\/"},"modified":"2025-07-28T14:24:55","modified_gmt":"2025-07-28T12:24:55","slug":"self-control","status":"publish","type":"product","link":"https:\/\/arketipo.com\/es\/prodotto\/self-control\/","title":{"rendered":"Self Control"},"content":{"rendered":"<p>Self Control: conocer nuestros l\u00edmites.<br \/>\nSi los l\u00edmites se relacionan con entender d\u00f3nde puede existir el dise\u00f1o y d\u00f3nde entra la funcionalidad, Self Control es el ejemplo que nos ayuda a todos a comprender este concepto de dise\u00f1o sutil y poderoso.<br \/>\nCurvas, todo se reduce a ellas. Eso es lo que nuestros dise\u00f1adores Ludovica + Roberto Palomba quieren que sientas en cada uno de los sof\u00e1s que hemos creado con una interpretaci\u00f3n del dise\u00f1o basada en Self Control. Los toques suaves realzan la estructura y la sensaci\u00f3n general, mientras que las curvas elevan el dise\u00f1o integral, cada una con una elegancia delicada, un control sutil del dise\u00f1o y la funcionalidad. Los reposabrazos, el asiento, el respaldo, todo est\u00e1 dise\u00f1ado con un prop\u00f3sito, para poner en evidencia que las curvas y las l\u00edneas rectas responden a una l\u00f3gica y a la intenci\u00f3n de coexistir.<br \/>\nCon \u00abesp\u00edritu ecl\u00e9ctico\u00bb, Self Control aborda el conocimiento de nuestros l\u00edmites como dise\u00f1adores, consiste en definir c\u00f3mo quieres vivir en tu espacio, puesto que, al fin y al cabo, la aut\u00e9ntica belleza puede aflorar cuando descubrimos que controlamos nuestros l\u00edmites.<\/p>\n","protected":false},"excerpt":{"rendered":"<p>Self Control: conocer nuestros l\u00edmites. Si los l\u00edmites se relacionan con entender d\u00f3nde puede existir el dise\u00f1o y d\u00f3nde entra la funcionalidad, Self Control es el ejemplo que nos ayuda a todos a comprender este concepto de dise\u00f1o sutil y poderoso. Curvas, todo se reduce a ellas. Eso es lo que nuestros dise\u00f1adores Ludovica + [&hellip;]<\/p>\n","protected":false},"featured_media":36284,"comment_status":"closed","ping_status":"closed","template":"","meta":[],"product_brand":[],"product_cat":[209,158,205],"product_tag":[],"class_list":{"0":"post-47177","1":"product","2":"type-product","3":"status-publish","4":"has-post-thumbnail","6":"product_cat-indoor-es","7":"product_cat-sin-categoria","8":"product_cat-sofas-es","10":"first","11":"instock","12":"product-type-simple"},"_links":{"self":[{"href":"https:\/\/arketipo.com\/es\/wp-json\/wp\/v2\/product\/47177","targetHints":{"allow":["GET"]}}],"collection":[{"href":"https:\/\/arketipo.com\/es\/wp-json\/wp\/v2\/product"}],"about":[{"href":"https:\/\/arketipo.com\/es\/wp-json\/wp\/v2\/types\/product"}],"replies":[{"embeddable":true,"href":"https:\/\/arketipo.com\/es\/wp-json\/wp\/v2\/comments?post=47177"}],"wp:featuredmedia":[{"embeddable":true,"href":"https:\/\/arketipo.com\/es\/wp-json\/wp\/v2\/media\/36284"}],"wp:attachment":[{"href":"https:\/\/arketipo.com\/es\/wp-json\/wp\/v2\/media?parent=47177"}],"wp:term":[{"taxonomy":"product_brand","embeddable":true,"href":"https:\/\/arketipo.com\/es\/wp-json\/wp\/v2\/product_brand?post=47177"},{"taxonomy":"product_cat","embeddable":true,"href":"https:\/\/arketipo.com\/es\/wp-json\/wp\/v2\/product_cat?post=47177"},{"taxonomy":"product_tag","embeddable":true,"href":"https:\/\/arketipo.com\/es\/wp-json\/wp\/v2\/product_tag?post=47177"}],"curies":[{"name":"wp","href":"https:\/\/api.w.org\/{rel}","templated":true}]}}