{"id":47178,"date":"2023-03-14T17:25:53","date_gmt":"2023-03-14T16:25:53","guid":{"rendered":"https:\/\/arketipo.com\/prodotto\/smooth-operator\/"},"modified":"2025-07-28T14:24:56","modified_gmt":"2025-07-28T12:24:56","slug":"smooth-operator","status":"publish","type":"product","link":"https:\/\/arketipo.com\/es\/prodotto\/smooth-operator\/","title":{"rendered":"Smooth Operator"},"content":{"rendered":"<p>Sorprendente y metaf\u00f3rico, SMOOTH OPERATOR es el sof\u00e1 que cautiva.<br \/>\nDefine con un lenguaje culto las tendencias contempor\u00e1neas del relax din\u00e1mico.<br \/>\nSofisticado int\u00e9rprete de un ideal est\u00e9tico de originalidad y belleza, gracias al mecanismo especial en el respaldo que permite que los cojines acompa\u00f1en al cuerpo en sus movimientos.<\/p>\n","protected":false},"excerpt":{"rendered":"<p>Sorprendente y metaf\u00f3rico, SMOOTH OPERATOR es el sof\u00e1 que cautiva. Define con un lenguaje culto las tendencias contempor\u00e1neas del relax din\u00e1mico. Sofisticado int\u00e9rprete de un ideal est\u00e9tico de originalidad y belleza, gracias al mecanismo especial en el respaldo que permite que los cojines acompa\u00f1en al cuerpo en sus movimientos.<\/p>\n","protected":false},"featured_media":31975,"comment_status":"closed","ping_status":"closed","template":"","meta":[],"product_brand":[],"product_cat":[209,205],"product_tag":[],"class_list":{"0":"post-47178","1":"product","2":"type-product","3":"status-publish","4":"has-post-thumbnail","6":"product_cat-indoor-es","7":"product_cat-sofas-es","9":"first","10":"instock","11":"product-type-simple"},"_links":{"self":[{"href":"https:\/\/arketipo.com\/es\/wp-json\/wp\/v2\/product\/47178","targetHints":{"allow":["GET"]}}],"collection":[{"href":"https:\/\/arketipo.com\/es\/wp-json\/wp\/v2\/product"}],"about":[{"href":"https:\/\/arketipo.com\/es\/wp-json\/wp\/v2\/types\/product"}],"replies":[{"embeddable":true,"href":"https:\/\/arketipo.com\/es\/wp-json\/wp\/v2\/comments?post=47178"}],"wp:featuredmedia":[{"embeddable":true,"href":"https:\/\/arketipo.com\/es\/wp-json\/wp\/v2\/media\/31975"}],"wp:attachment":[{"href":"https:\/\/arketipo.com\/es\/wp-json\/wp\/v2\/media?parent=47178"}],"wp:term":[{"taxonomy":"product_brand","embeddable":true,"href":"https:\/\/arketipo.com\/es\/wp-json\/wp\/v2\/product_brand?post=47178"},{"taxonomy":"product_cat","embeddable":true,"href":"https:\/\/arketipo.com\/es\/wp-json\/wp\/v2\/product_cat?post=47178"},{"taxonomy":"product_tag","embeddable":true,"href":"https:\/\/arketipo.com\/es\/wp-json\/wp\/v2\/product_tag?post=47178"}],"curies":[{"name":"wp","href":"https:\/\/api.w.org\/{rel}","templated":true}]}}