{"id":47179,"date":"2023-03-14T17:26:24","date_gmt":"2023-03-14T16:26:24","guid":{"rendered":"https:\/\/arketipo.com\/prodotto\/starman\/"},"modified":"2025-07-30T12:23:40","modified_gmt":"2025-07-30T10:23:40","slug":"starman","status":"publish","type":"product","link":"https:\/\/arketipo.com\/es\/prodotto\/starman\/","title":{"rendered":"Starman"},"content":{"rendered":"<p>Starman: capturando momentos.<br \/>\nEst\u00e1s disculpado si al o\u00edr la palabra Starman te viene a la mente el sonido ecl\u00e9ctico que caracterizaba a David Bowie, cuya carrera musical nunca se interrumpi\u00f3. Nuestros dise\u00f1adores Ludovica + Roberto Palomba no esperan ociosos a que les llegue la inspiraci\u00f3n, sino que la encuentran en cada momento y la trasladan a la forma en que vivimos. Starman no es una excepci\u00f3n.<br \/>\nStarman juega con la imposici\u00f3n, con elementos perturbadores de orden natural para crear algo nuevo. Nuevo es un concepto trepidante, pero que requiere aceptaci\u00f3n, porque lo nuevo tambi\u00e9n significa romper con el statu quo. Si Bowie apost\u00f3 por dibujar crescendos y por jugar con la l\u00edrica de las canciones, Starman juega con contornos agresivos y potentes, dise\u00f1ados para imponer su presencia en un espacio \u00fanico. Encontrar\u00e1s respaldos bajos, l\u00edneas curvas, gotas que descienden y la ilusi\u00f3n de un espacio flotante.<br \/>\nEs donde el dise\u00f1o discrepa de la norma, imprimiendo car\u00e1cter y descubriendo un equilibrio propio y \u00fanico en contraposici\u00f3n. Starman nos insta a investigar y a comprender nuestra singularidad sin detenernos jam\u00e1s.<\/p>\n","protected":false},"excerpt":{"rendered":"<p>Starman: capturando momentos. Est\u00e1s disculpado si al o\u00edr la palabra Starman te viene a la mente el sonido ecl\u00e9ctico que caracterizaba a David Bowie, cuya carrera musical nunca se interrumpi\u00f3. Nuestros dise\u00f1adores Ludovica + Roberto Palomba no esperan ociosos a que les llegue la inspiraci\u00f3n, sino que la encuentran en cada momento y la trasladan [&hellip;]<\/p>\n","protected":false},"featured_media":36350,"comment_status":"closed","ping_status":"closed","template":"","meta":[],"product_brand":[],"product_cat":[209,205],"product_tag":[],"class_list":{"0":"post-47179","1":"product","2":"type-product","3":"status-publish","4":"has-post-thumbnail","6":"product_cat-indoor-es","7":"product_cat-sofas-es","9":"first","10":"instock","11":"product-type-simple"},"_links":{"self":[{"href":"https:\/\/arketipo.com\/es\/wp-json\/wp\/v2\/product\/47179","targetHints":{"allow":["GET"]}}],"collection":[{"href":"https:\/\/arketipo.com\/es\/wp-json\/wp\/v2\/product"}],"about":[{"href":"https:\/\/arketipo.com\/es\/wp-json\/wp\/v2\/types\/product"}],"replies":[{"embeddable":true,"href":"https:\/\/arketipo.com\/es\/wp-json\/wp\/v2\/comments?post=47179"}],"wp:featuredmedia":[{"embeddable":true,"href":"https:\/\/arketipo.com\/es\/wp-json\/wp\/v2\/media\/36350"}],"wp:attachment":[{"href":"https:\/\/arketipo.com\/es\/wp-json\/wp\/v2\/media?parent=47179"}],"wp:term":[{"taxonomy":"product_brand","embeddable":true,"href":"https:\/\/arketipo.com\/es\/wp-json\/wp\/v2\/product_brand?post=47179"},{"taxonomy":"product_cat","embeddable":true,"href":"https:\/\/arketipo.com\/es\/wp-json\/wp\/v2\/product_cat?post=47179"},{"taxonomy":"product_tag","embeddable":true,"href":"https:\/\/arketipo.com\/es\/wp-json\/wp\/v2\/product_tag?post=47179"}],"curies":[{"name":"wp","href":"https:\/\/api.w.org\/{rel}","templated":true}]}}