{"id":47180,"date":"2023-04-28T13:33:21","date_gmt":"2023-04-28T11:33:21","guid":{"rendered":"https:\/\/arketipo.com\/prodotto\/thats-life\/"},"modified":"2025-07-28T14:25:02","modified_gmt":"2025-07-28T12:25:02","slug":"thats-life","status":"publish","type":"product","link":"https:\/\/arketipo.com\/es\/prodotto\/thats-life\/","title":{"rendered":"That&#8217;s Life"},"content":{"rendered":"<p>Creemos que el dise\u00f1o siempre ha canalizado y reflejado lo que ocurre a nuestro alrededor, y, en That&#8217;s Life, sentimos que hemos captado la historia reciente y nos hemos quitado el sombrero ante un estilo del pasado. Con sus cojines altos, sus reposabrazos angulares y la posici\u00f3n baja de su asiento, este es un sof\u00e1 que derrocha aires del cl\u00e1sico sal\u00f3n de jazz neoyorquino y que refleja las interpretaciones modernistas del dise\u00f1o. Hemos a\u00f1adido un lugar para incorporar tanto una encimera de m\u00e1rmol como de madera en los reposabrazos, y nos hemos inspirado en la geometr\u00eda triangular para otorgar una forma funcional a lo que es un mueble blando.<\/p>\n<p>Descritas como \u00abla \u00faltima oda a la resiliencia\u00bb, no hay una forma m\u00e1s adecuada de crear algo que capte el esp\u00edritu de una canci\u00f3n y de un encuentro global que las palabras del a\u00f1orado Blue Eyes. Al igual que la canci\u00f3n, cuando dice \u00abI pick myself up and get back in the race\u00bb, este sof\u00e1 es nuestra forma de demostrar todo lo que podemos hacer.<\/p>\n","protected":false},"excerpt":{"rendered":"<p>Creemos que el dise\u00f1o siempre ha canalizado y reflejado lo que ocurre a nuestro alrededor, y, en That&#8217;s Life, sentimos que hemos captado la historia reciente y nos hemos quitado el sombrero ante un estilo del pasado. Con sus cojines altos, sus reposabrazos angulares y la posici\u00f3n baja de su asiento, este es un sof\u00e1 [&hellip;]<\/p>\n","protected":false},"featured_media":37475,"comment_status":"closed","ping_status":"closed","template":"","meta":[],"product_brand":[],"product_cat":[209,205],"product_tag":[],"class_list":{"0":"post-47180","1":"product","2":"type-product","3":"status-publish","4":"has-post-thumbnail","6":"product_cat-indoor-es","7":"product_cat-sofas-es","9":"first","10":"instock","11":"product-type-simple"},"_links":{"self":[{"href":"https:\/\/arketipo.com\/es\/wp-json\/wp\/v2\/product\/47180","targetHints":{"allow":["GET"]}}],"collection":[{"href":"https:\/\/arketipo.com\/es\/wp-json\/wp\/v2\/product"}],"about":[{"href":"https:\/\/arketipo.com\/es\/wp-json\/wp\/v2\/types\/product"}],"replies":[{"embeddable":true,"href":"https:\/\/arketipo.com\/es\/wp-json\/wp\/v2\/comments?post=47180"}],"wp:featuredmedia":[{"embeddable":true,"href":"https:\/\/arketipo.com\/es\/wp-json\/wp\/v2\/media\/37475"}],"wp:attachment":[{"href":"https:\/\/arketipo.com\/es\/wp-json\/wp\/v2\/media?parent=47180"}],"wp:term":[{"taxonomy":"product_brand","embeddable":true,"href":"https:\/\/arketipo.com\/es\/wp-json\/wp\/v2\/product_brand?post=47180"},{"taxonomy":"product_cat","embeddable":true,"href":"https:\/\/arketipo.com\/es\/wp-json\/wp\/v2\/product_cat?post=47180"},{"taxonomy":"product_tag","embeddable":true,"href":"https:\/\/arketipo.com\/es\/wp-json\/wp\/v2\/product_tag?post=47180"}],"curies":[{"name":"wp","href":"https:\/\/api.w.org\/{rel}","templated":true}]}}