{"id":47181,"date":"2023-03-14T17:25:53","date_gmt":"2023-03-14T16:25:53","guid":{"rendered":"https:\/\/arketipo.com\/prodotto\/windsor\/"},"modified":"2025-07-28T14:25:04","modified_gmt":"2025-07-28T12:25:04","slug":"windsor","status":"publish","type":"product","link":"https:\/\/arketipo.com\/es\/prodotto\/windsor\/","title":{"rendered":"Windsor"},"content":{"rendered":"<p>Windsor se adapta a cualquier tipo de interiorismo: perfecto en el contexto cl\u00e1sico, resalta de manera original en el ambiente moderno como una preciosa obra de arte.<\/p>\n<p>Realizado exclusivamente a mano con tapizado capiton\u00e9, es un sof\u00e1 de caracter decididamente actual, refinado y buscado, pero con un gusto suave y acogedor dado por el t\u00edpico bot\u00f3n que profundiza en el pespunteado con dise\u00f1o a rombos. Windsor ha ampliado su gama a\u00f1adiendo un sof\u00e1 extra largo, de 314 cm y con la posibilidad de revestimiento en terciopelo, que le da un aspecto iridiscente y muy rico.<\/p>\n","protected":false},"excerpt":{"rendered":"<p>Windsor se adapta a cualquier tipo de interiorismo: perfecto en el contexto cl\u00e1sico, resalta de manera original en el ambiente moderno como una preciosa obra de arte. Realizado exclusivamente a mano con tapizado capiton\u00e9, es un sof\u00e1 de caracter decididamente actual, refinado y buscado, pero con un gusto suave y acogedor dado por el t\u00edpico [&hellip;]<\/p>\n","protected":false},"featured_media":32071,"comment_status":"closed","ping_status":"closed","template":"","meta":[],"product_brand":[],"product_cat":[209,205],"product_tag":[],"class_list":{"0":"post-47181","1":"product","2":"type-product","3":"status-publish","4":"has-post-thumbnail","6":"product_cat-indoor-es","7":"product_cat-sofas-es","9":"first","10":"instock","11":"product-type-simple"},"_links":{"self":[{"href":"https:\/\/arketipo.com\/es\/wp-json\/wp\/v2\/product\/47181","targetHints":{"allow":["GET"]}}],"collection":[{"href":"https:\/\/arketipo.com\/es\/wp-json\/wp\/v2\/product"}],"about":[{"href":"https:\/\/arketipo.com\/es\/wp-json\/wp\/v2\/types\/product"}],"replies":[{"embeddable":true,"href":"https:\/\/arketipo.com\/es\/wp-json\/wp\/v2\/comments?post=47181"}],"wp:featuredmedia":[{"embeddable":true,"href":"https:\/\/arketipo.com\/es\/wp-json\/wp\/v2\/media\/32071"}],"wp:attachment":[{"href":"https:\/\/arketipo.com\/es\/wp-json\/wp\/v2\/media?parent=47181"}],"wp:term":[{"taxonomy":"product_brand","embeddable":true,"href":"https:\/\/arketipo.com\/es\/wp-json\/wp\/v2\/product_brand?post=47181"},{"taxonomy":"product_cat","embeddable":true,"href":"https:\/\/arketipo.com\/es\/wp-json\/wp\/v2\/product_cat?post=47181"},{"taxonomy":"product_tag","embeddable":true,"href":"https:\/\/arketipo.com\/es\/wp-json\/wp\/v2\/product_tag?post=47181"}],"curies":[{"name":"wp","href":"https:\/\/api.w.org\/{rel}","templated":true}]}}