{"id":47182,"date":"2023-03-14T17:25:57","date_gmt":"2023-03-14T16:25:57","guid":{"rendered":"https:\/\/arketipo.com\/prodotto\/auto-reverse-dream\/"},"modified":"2025-07-28T14:25:05","modified_gmt":"2025-07-28T12:25:05","slug":"auto-reverse-dream","status":"publish","type":"product","link":"https:\/\/arketipo.com\/es\/prodotto\/auto-reverse-dream\/","title":{"rendered":"Auto-Reverse Dream"},"content":{"rendered":"<p>Auto-Reverse Dream es un cama \u00fanica, caracterizada por una doble alma y una fuerte personalidad que mantiene un estilo coherente con el sof\u00e1 de la misma l\u00ednea.<\/p>\n<p>El exclusivo dise\u00f1o destaca por la estructura discreta y minimal. Los volantes de la base acent\u00faan la excelencia del trabajo hecho a mano y la calidad de los materiales utilizados. Los importantes cojines del cabezal se pueden suministrar con dos materiales diferentes, por lo que son reversibles. Es posible crear millones de combinaciones mediante la mezcla de los colores de cremalleras, telas y pieles, adapt\u00e1ndolo al entorno. Auto-Reverse Dream: el glamour atemporal.<\/p>\n","protected":false},"excerpt":{"rendered":"<p>Auto-Reverse Dream es un cama \u00fanica, caracterizada por una doble alma y una fuerte personalidad que mantiene un estilo coherente con el sof\u00e1 de la misma l\u00ednea. El exclusivo dise\u00f1o destaca por la estructura discreta y minimal. Los volantes de la base acent\u00faan la excelencia del trabajo hecho a mano y la calidad de los [&hellip;]<\/p>\n","protected":false},"featured_media":32412,"comment_status":"closed","ping_status":"closed","template":"","meta":[],"product_brand":[],"product_cat":[215,209],"product_tag":[],"class_list":{"0":"post-47182","1":"product","2":"type-product","3":"status-publish","4":"has-post-thumbnail","6":"product_cat-camas","7":"product_cat-indoor-es","9":"first","10":"instock","11":"product-type-simple"},"_links":{"self":[{"href":"https:\/\/arketipo.com\/es\/wp-json\/wp\/v2\/product\/47182","targetHints":{"allow":["GET"]}}],"collection":[{"href":"https:\/\/arketipo.com\/es\/wp-json\/wp\/v2\/product"}],"about":[{"href":"https:\/\/arketipo.com\/es\/wp-json\/wp\/v2\/types\/product"}],"replies":[{"embeddable":true,"href":"https:\/\/arketipo.com\/es\/wp-json\/wp\/v2\/comments?post=47182"}],"wp:featuredmedia":[{"embeddable":true,"href":"https:\/\/arketipo.com\/es\/wp-json\/wp\/v2\/media\/32412"}],"wp:attachment":[{"href":"https:\/\/arketipo.com\/es\/wp-json\/wp\/v2\/media?parent=47182"}],"wp:term":[{"taxonomy":"product_brand","embeddable":true,"href":"https:\/\/arketipo.com\/es\/wp-json\/wp\/v2\/product_brand?post=47182"},{"taxonomy":"product_cat","embeddable":true,"href":"https:\/\/arketipo.com\/es\/wp-json\/wp\/v2\/product_cat?post=47182"},{"taxonomy":"product_tag","embeddable":true,"href":"https:\/\/arketipo.com\/es\/wp-json\/wp\/v2\/product_tag?post=47182"}],"curies":[{"name":"wp","href":"https:\/\/api.w.org\/{rel}","templated":true}]}}