{"id":47183,"date":"2023-05-05T09:44:23","date_gmt":"2023-05-05T07:44:23","guid":{"rendered":"https:\/\/arketipo.com\/prodotto\/big-night\/"},"modified":"2025-07-28T14:25:06","modified_gmt":"2025-07-28T12:25:06","slug":"big-night","status":"publish","type":"product","link":"https:\/\/arketipo.com\/es\/prodotto\/big-night\/","title":{"rendered":"Big Night"},"content":{"rendered":"<p>El detalle es la expresi\u00f3n.<\/p>\n<p>En el dise\u00f1o y la fabricaci\u00f3n de la cama Big Night, el \u00e1ngulo es el aut\u00e9ntico hito. El pliegue del cabezal es un gesto espont\u00e1neo en el que revive la experiencia ancestral del descubrimiento del poder de moldear las superficies, la acci\u00f3n concreta de la que surge un proyecto. Es el mismo gesto de los dedos que se unen para sugerir como sujetar la forma del pliegue con un broche, un perfil met\u00e1lico doblado en forma de U: un toque de refinada orfebrer\u00eda, un accesorio minimalista, con una forma limpia y rigurosa.<\/p>\n<p>El broche sujeta las esquinas de la superficie continua del cabezal tapizado, generando el pliegue saliente y destacando el valor de alta costura del tejido. Este elemento de excelente manufactura se repite tambi\u00e9n en las esquinas del somier, siendo al mismo tiempo broche y pata.<\/p>\n<p>El cabezal es un panel de rigurosa forma rectangular, doblada por los lados, que desempe\u00f1a el papel de protecci\u00f3n y refinado elemento est\u00e9tico. Las superficies amplias y generosas presentan una suavidad tersa y lenticular, realzando la comodidad \u00edntima que puede convertir la noche en una aventura infinita. No solo una cama para dormir, sino tambi\u00e9n un escenario para relatos personales.<\/p>\n","protected":false},"excerpt":{"rendered":"<p>El detalle es la expresi\u00f3n. En el dise\u00f1o y la fabricaci\u00f3n de la cama Big Night, el \u00e1ngulo es el aut\u00e9ntico hito. El pliegue del cabezal es un gesto espont\u00e1neo en el que revive la experiencia ancestral del descubrimiento del poder de moldear las superficies, la acci\u00f3n concreta de la que surge un proyecto. Es [&hellip;]<\/p>\n","protected":false},"featured_media":39602,"comment_status":"closed","ping_status":"closed","template":"","meta":[],"product_brand":[],"product_cat":[215,209],"product_tag":[],"class_list":{"0":"post-47183","1":"product","2":"type-product","3":"status-publish","4":"has-post-thumbnail","6":"product_cat-camas","7":"product_cat-indoor-es","9":"first","10":"instock","11":"product-type-simple"},"_links":{"self":[{"href":"https:\/\/arketipo.com\/es\/wp-json\/wp\/v2\/product\/47183","targetHints":{"allow":["GET"]}}],"collection":[{"href":"https:\/\/arketipo.com\/es\/wp-json\/wp\/v2\/product"}],"about":[{"href":"https:\/\/arketipo.com\/es\/wp-json\/wp\/v2\/types\/product"}],"replies":[{"embeddable":true,"href":"https:\/\/arketipo.com\/es\/wp-json\/wp\/v2\/comments?post=47183"}],"wp:featuredmedia":[{"embeddable":true,"href":"https:\/\/arketipo.com\/es\/wp-json\/wp\/v2\/media\/39602"}],"wp:attachment":[{"href":"https:\/\/arketipo.com\/es\/wp-json\/wp\/v2\/media?parent=47183"}],"wp:term":[{"taxonomy":"product_brand","embeddable":true,"href":"https:\/\/arketipo.com\/es\/wp-json\/wp\/v2\/product_brand?post=47183"},{"taxonomy":"product_cat","embeddable":true,"href":"https:\/\/arketipo.com\/es\/wp-json\/wp\/v2\/product_cat?post=47183"},{"taxonomy":"product_tag","embeddable":true,"href":"https:\/\/arketipo.com\/es\/wp-json\/wp\/v2\/product_tag?post=47183"}],"curies":[{"name":"wp","href":"https:\/\/api.w.org\/{rel}","templated":true}]}}