{"id":47185,"date":"2023-03-14T17:25:57","date_gmt":"2023-03-14T16:25:57","guid":{"rendered":"https:\/\/arketipo.com\/prodotto\/mayfair-dream\/"},"modified":"2025-07-28T14:25:08","modified_gmt":"2025-07-28T12:25:08","slug":"mayfair-dream","status":"publish","type":"product","link":"https:\/\/arketipo.com\/es\/prodotto\/mayfair-dream\/","title":{"rendered":"Mayfair Dream"},"content":{"rendered":"<p>La inspiraci\u00f3n llega de la alta moda: los detalles refinados de la costura juegan una baza irresistible en la cama MAYFAIR DREAM.<\/p>\n<p>Glamour, elegancia y excelencia de confecci\u00f3n se unen en una propuesta que confiere una personalidad inconfundible, tanto a los estilos m\u00e1s cl\u00e1sicos como a los m\u00e1s contempor\u00e1neos.<\/p>\n<p>La decoraci\u00f3n elegante, marcada horizontalmente por vol\u00famenes acolchados de plumas, suscita a primera vista una gran sensaci\u00f3n de comodidad.<\/p>\n","protected":false},"excerpt":{"rendered":"<p>La inspiraci\u00f3n llega de la alta moda: los detalles refinados de la costura juegan una baza irresistible en la cama MAYFAIR DREAM. Glamour, elegancia y excelencia de confecci\u00f3n se unen en una propuesta que confiere una personalidad inconfundible, tanto a los estilos m\u00e1s cl\u00e1sicos como a los m\u00e1s contempor\u00e1neos. La decoraci\u00f3n elegante, marcada horizontalmente por [&hellip;]<\/p>\n","protected":false},"featured_media":32564,"comment_status":"closed","ping_status":"closed","template":"","meta":[],"product_brand":[],"product_cat":[215,209],"product_tag":[],"class_list":{"0":"post-47185","1":"product","2":"type-product","3":"status-publish","4":"has-post-thumbnail","6":"product_cat-camas","7":"product_cat-indoor-es","9":"first","10":"instock","11":"product-type-simple"},"_links":{"self":[{"href":"https:\/\/arketipo.com\/es\/wp-json\/wp\/v2\/product\/47185","targetHints":{"allow":["GET"]}}],"collection":[{"href":"https:\/\/arketipo.com\/es\/wp-json\/wp\/v2\/product"}],"about":[{"href":"https:\/\/arketipo.com\/es\/wp-json\/wp\/v2\/types\/product"}],"replies":[{"embeddable":true,"href":"https:\/\/arketipo.com\/es\/wp-json\/wp\/v2\/comments?post=47185"}],"wp:featuredmedia":[{"embeddable":true,"href":"https:\/\/arketipo.com\/es\/wp-json\/wp\/v2\/media\/32564"}],"wp:attachment":[{"href":"https:\/\/arketipo.com\/es\/wp-json\/wp\/v2\/media?parent=47185"}],"wp:term":[{"taxonomy":"product_brand","embeddable":true,"href":"https:\/\/arketipo.com\/es\/wp-json\/wp\/v2\/product_brand?post=47185"},{"taxonomy":"product_cat","embeddable":true,"href":"https:\/\/arketipo.com\/es\/wp-json\/wp\/v2\/product_cat?post=47185"},{"taxonomy":"product_tag","embeddable":true,"href":"https:\/\/arketipo.com\/es\/wp-json\/wp\/v2\/product_tag?post=47185"}],"curies":[{"name":"wp","href":"https:\/\/api.w.org\/{rel}","templated":true}]}}