{"id":47186,"date":"2023-03-14T17:26:24","date_gmt":"2023-03-14T16:26:24","guid":{"rendered":"https:\/\/arketipo.com\/prodotto\/starman-dream\/"},"modified":"2025-07-28T14:25:09","modified_gmt":"2025-07-28T12:25:09","slug":"starman-dream","status":"publish","type":"product","link":"https:\/\/arketipo.com\/es\/prodotto\/starman-dream\/","title":{"rendered":"Starman Dream"},"content":{"rendered":"<p>Starman Dream: pensemos a lo grande.<\/p>\n<p>Las conexiones tienen una gran importancia. Sirven como punto de relaci\u00f3n permanente entre dos o m\u00e1s ideas o conceptos y hacen que nuestras acciones sean m\u00e1s que un principio de dise\u00f1o: son un motivo para abrirnos paso entre las limitaciones y conceptualizar algo de mayor calado.<\/p>\n<p>Starman Dream parte de una conexi\u00f3n con Starman y captura los elementos que hicieron del sof\u00e1 la referencia en materia de dise\u00f1o que es actualmente. Un perfil potente y agresivo, l\u00edneas curvas y materiales en un contraste de sensaciones y conceptos. En definitiva, dos productos que hemos creado con una clara conexi\u00f3n que est\u00e1 relacionada con nuestra vida interior, y con vivirla de manera \u00fanica.<\/p>\n<p>Starman Dream busca esa conexi\u00f3n con algo que todos podemos imaginar. Es hora de pensar y so\u00f1ar a lo grande.<\/p>\n","protected":false},"excerpt":{"rendered":"<p>Starman Dream: pensemos a lo grande. Las conexiones tienen una gran importancia. Sirven como punto de relaci\u00f3n permanente entre dos o m\u00e1s ideas o conceptos y hacen que nuestras acciones sean m\u00e1s que un principio de dise\u00f1o: son un motivo para abrirnos paso entre las limitaciones y conceptualizar algo de mayor calado. Starman Dream parte [&hellip;]<\/p>\n","protected":false},"featured_media":36734,"comment_status":"closed","ping_status":"closed","template":"","meta":[],"product_brand":[],"product_cat":[215,209],"product_tag":[],"class_list":{"0":"post-47186","1":"product","2":"type-product","3":"status-publish","4":"has-post-thumbnail","6":"product_cat-camas","7":"product_cat-indoor-es","9":"first","10":"instock","11":"product-type-simple"},"_links":{"self":[{"href":"https:\/\/arketipo.com\/es\/wp-json\/wp\/v2\/product\/47186","targetHints":{"allow":["GET"]}}],"collection":[{"href":"https:\/\/arketipo.com\/es\/wp-json\/wp\/v2\/product"}],"about":[{"href":"https:\/\/arketipo.com\/es\/wp-json\/wp\/v2\/types\/product"}],"replies":[{"embeddable":true,"href":"https:\/\/arketipo.com\/es\/wp-json\/wp\/v2\/comments?post=47186"}],"wp:featuredmedia":[{"embeddable":true,"href":"https:\/\/arketipo.com\/es\/wp-json\/wp\/v2\/media\/36734"}],"wp:attachment":[{"href":"https:\/\/arketipo.com\/es\/wp-json\/wp\/v2\/media?parent=47186"}],"wp:term":[{"taxonomy":"product_brand","embeddable":true,"href":"https:\/\/arketipo.com\/es\/wp-json\/wp\/v2\/product_brand?post=47186"},{"taxonomy":"product_cat","embeddable":true,"href":"https:\/\/arketipo.com\/es\/wp-json\/wp\/v2\/product_cat?post=47186"},{"taxonomy":"product_tag","embeddable":true,"href":"https:\/\/arketipo.com\/es\/wp-json\/wp\/v2\/product_tag?post=47186"}],"curies":[{"name":"wp","href":"https:\/\/api.w.org\/{rel}","templated":true}]}}