{"id":47187,"date":"2023-03-14T17:25:57","date_gmt":"2023-03-14T16:25:57","guid":{"rendered":"https:\/\/arketipo.com\/prodotto\/windsor-dream\/"},"modified":"2025-07-28T14:25:10","modified_gmt":"2025-07-28T12:25:10","slug":"windsor-dream","status":"publish","type":"product","link":"https:\/\/arketipo.com\/es\/prodotto\/windsor-dream\/","title":{"rendered":"Windsor Dream"},"content":{"rendered":"<p>La cama Windsor Dream, una obra maestra de dise\u00f1o que mantiene el equilibrio correcto entre el estilo cl\u00e1sico y moderno, como los sof\u00e1s de la misma serie.<\/p>\n<p>Materiales exquisitos, trabajo hecho a mano y tapizado acolchado nos recuerdan a la austera elegancia brit\u00e1nica.<\/p>\n<p>El \u00ableitmotiv\u00bb, creado por el t\u00edpico bot\u00f3n hundido en la tapicer\u00eda formando patrones de rombo, marca toda la estructura, incluyendo la cabecera. Es posible utilizar la cama tambi\u00e9n en el centro de la habitaci\u00f3n. La versi\u00f3n de terciopelo est\u00e1 de moda, el cuero es m\u00e1s apreciado.<\/p>\n","protected":false},"excerpt":{"rendered":"<p>La cama Windsor Dream, una obra maestra de dise\u00f1o que mantiene el equilibrio correcto entre el estilo cl\u00e1sico y moderno, como los sof\u00e1s de la misma serie. Materiales exquisitos, trabajo hecho a mano y tapizado acolchado nos recuerdan a la austera elegancia brit\u00e1nica. El \u00ableitmotiv\u00bb, creado por el t\u00edpico bot\u00f3n hundido en la tapicer\u00eda formando [&hellip;]<\/p>\n","protected":false},"featured_media":32625,"comment_status":"closed","ping_status":"closed","template":"","meta":[],"product_brand":[],"product_cat":[215,209],"product_tag":[],"class_list":{"0":"post-47187","1":"product","2":"type-product","3":"status-publish","4":"has-post-thumbnail","6":"product_cat-camas","7":"product_cat-indoor-es","9":"first","10":"instock","11":"product-type-simple"},"_links":{"self":[{"href":"https:\/\/arketipo.com\/es\/wp-json\/wp\/v2\/product\/47187","targetHints":{"allow":["GET"]}}],"collection":[{"href":"https:\/\/arketipo.com\/es\/wp-json\/wp\/v2\/product"}],"about":[{"href":"https:\/\/arketipo.com\/es\/wp-json\/wp\/v2\/types\/product"}],"replies":[{"embeddable":true,"href":"https:\/\/arketipo.com\/es\/wp-json\/wp\/v2\/comments?post=47187"}],"wp:featuredmedia":[{"embeddable":true,"href":"https:\/\/arketipo.com\/es\/wp-json\/wp\/v2\/media\/32625"}],"wp:attachment":[{"href":"https:\/\/arketipo.com\/es\/wp-json\/wp\/v2\/media?parent=47187"}],"wp:term":[{"taxonomy":"product_brand","embeddable":true,"href":"https:\/\/arketipo.com\/es\/wp-json\/wp\/v2\/product_brand?post=47187"},{"taxonomy":"product_cat","embeddable":true,"href":"https:\/\/arketipo.com\/es\/wp-json\/wp\/v2\/product_cat?post=47187"},{"taxonomy":"product_tag","embeddable":true,"href":"https:\/\/arketipo.com\/es\/wp-json\/wp\/v2\/product_tag?post=47187"}],"curies":[{"name":"wp","href":"https:\/\/api.w.org\/{rel}","templated":true}]}}