{"id":47188,"date":"2023-05-05T09:38:53","date_gmt":"2023-05-05T07:38:53","guid":{"rendered":"https:\/\/arketipo.com\/prodotto\/bond\/"},"modified":"2025-07-28T14:25:11","modified_gmt":"2025-07-28T12:25:11","slug":"bond","status":"publish","type":"product","link":"https:\/\/arketipo.com\/es\/prodotto\/bond\/","title":{"rendered":"Bond"},"content":{"rendered":"<p>Bond: un nombre que llama la atenci\u00f3n.<br \/>\nSi buscamos referencias que personifiquen la elegancia en su versi\u00f3n m\u00e1s flem\u00e1tica, a la mayor\u00eda nos vendr\u00e1 a la mente el apellido Bond, que, desde hace m\u00e1s de 60 a\u00f1os, representa la idea de ser objeto de admiraci\u00f3n y centro de atenci\u00f3n. Bond es una declaraci\u00f3n de intenciones de nuestra mente, una percepci\u00f3n sobre lo que buscamos en nosotros mismos si pudi\u00e9ramos ser todo lo que queremos ser, sin ataduras.<br \/>\nY, al igual que ese nombre, nuestro sill\u00f3n tambi\u00e9n quiere acaparar las miradas. Cada detalle est\u00e1 dise\u00f1ado con toda la intenci\u00f3n. Desde la elegancia t\u00edpica de la alta costura a las l\u00edneas, s\u00f3lidas y masculinas, no se ha dejado nada al azar.<br \/>\n\u00bfC\u00f3mo encajar\u00eda Bond en tu vida? Sugerimos un buen libro, un disco de jazz y un Negroni. \u00bfPor qu\u00e9 no?<\/p>\n","protected":false},"excerpt":{"rendered":"<p>Bond: un nombre que llama la atenci\u00f3n. Si buscamos referencias que personifiquen la elegancia en su versi\u00f3n m\u00e1s flem\u00e1tica, a la mayor\u00eda nos vendr\u00e1 a la mente el apellido Bond, que, desde hace m\u00e1s de 60 a\u00f1os, representa la idea de ser objeto de admiraci\u00f3n y centro de atenci\u00f3n. Bond es una declaraci\u00f3n de intenciones [&hellip;]<\/p>\n","protected":false},"featured_media":39485,"comment_status":"closed","ping_status":"closed","template":"","meta":[],"product_brand":[],"product_cat":[209,223,158],"product_tag":[],"class_list":{"0":"post-47188","1":"product","2":"type-product","3":"status-publish","4":"has-post-thumbnail","6":"product_cat-indoor-es","7":"product_cat-sillones","8":"product_cat-sin-categoria","10":"first","11":"instock","12":"product-type-simple"},"_links":{"self":[{"href":"https:\/\/arketipo.com\/es\/wp-json\/wp\/v2\/product\/47188","targetHints":{"allow":["GET"]}}],"collection":[{"href":"https:\/\/arketipo.com\/es\/wp-json\/wp\/v2\/product"}],"about":[{"href":"https:\/\/arketipo.com\/es\/wp-json\/wp\/v2\/types\/product"}],"replies":[{"embeddable":true,"href":"https:\/\/arketipo.com\/es\/wp-json\/wp\/v2\/comments?post=47188"}],"wp:featuredmedia":[{"embeddable":true,"href":"https:\/\/arketipo.com\/es\/wp-json\/wp\/v2\/media\/39485"}],"wp:attachment":[{"href":"https:\/\/arketipo.com\/es\/wp-json\/wp\/v2\/media?parent=47188"}],"wp:term":[{"taxonomy":"product_brand","embeddable":true,"href":"https:\/\/arketipo.com\/es\/wp-json\/wp\/v2\/product_brand?post=47188"},{"taxonomy":"product_cat","embeddable":true,"href":"https:\/\/arketipo.com\/es\/wp-json\/wp\/v2\/product_cat?post=47188"},{"taxonomy":"product_tag","embeddable":true,"href":"https:\/\/arketipo.com\/es\/wp-json\/wp\/v2\/product_tag?post=47188"}],"curies":[{"name":"wp","href":"https:\/\/api.w.org\/{rel}","templated":true}]}}