{"id":47189,"date":"2023-03-14T17:26:00","date_gmt":"2023-03-14T16:26:00","guid":{"rendered":"https:\/\/arketipo.com\/prodotto\/belair\/"},"modified":"2025-07-28T14:25:12","modified_gmt":"2025-07-28T12:25:12","slug":"belair","status":"publish","type":"product","link":"https:\/\/arketipo.com\/es\/prodotto\/belair\/","title":{"rendered":"Belair"},"content":{"rendered":"<p>BELAIR es un perfecto di\u00e1logo de dise\u00f1o marcado por ox\u00edmoron y contrastes armoniosos.<br \/>\nLa estructura austera hace de contrapunto al acolchado confortable con formas generosas para disfrutar de valiosos momentos de relax.<\/p>\n","protected":false},"excerpt":{"rendered":"<p>BELAIR es un perfecto di\u00e1logo de dise\u00f1o marcado por ox\u00edmoron y contrastes armoniosos. La estructura austera hace de contrapunto al acolchado confortable con formas generosas para disfrutar de valiosos momentos de relax.<\/p>\n","protected":false},"featured_media":33143,"comment_status":"closed","ping_status":"closed","template":"","meta":[],"product_brand":[],"product_cat":[209,223],"product_tag":[],"class_list":{"0":"post-47189","1":"product","2":"type-product","3":"status-publish","4":"has-post-thumbnail","6":"product_cat-indoor-es","7":"product_cat-sillones","9":"first","10":"instock","11":"product-type-simple"},"_links":{"self":[{"href":"https:\/\/arketipo.com\/es\/wp-json\/wp\/v2\/product\/47189","targetHints":{"allow":["GET"]}}],"collection":[{"href":"https:\/\/arketipo.com\/es\/wp-json\/wp\/v2\/product"}],"about":[{"href":"https:\/\/arketipo.com\/es\/wp-json\/wp\/v2\/types\/product"}],"replies":[{"embeddable":true,"href":"https:\/\/arketipo.com\/es\/wp-json\/wp\/v2\/comments?post=47189"}],"wp:featuredmedia":[{"embeddable":true,"href":"https:\/\/arketipo.com\/es\/wp-json\/wp\/v2\/media\/33143"}],"wp:attachment":[{"href":"https:\/\/arketipo.com\/es\/wp-json\/wp\/v2\/media?parent=47189"}],"wp:term":[{"taxonomy":"product_brand","embeddable":true,"href":"https:\/\/arketipo.com\/es\/wp-json\/wp\/v2\/product_brand?post=47189"},{"taxonomy":"product_cat","embeddable":true,"href":"https:\/\/arketipo.com\/es\/wp-json\/wp\/v2\/product_cat?post=47189"},{"taxonomy":"product_tag","embeddable":true,"href":"https:\/\/arketipo.com\/es\/wp-json\/wp\/v2\/product_tag?post=47189"}],"curies":[{"name":"wp","href":"https:\/\/api.w.org\/{rel}","templated":true}]}}