{"id":47192,"date":"2023-03-14T17:26:24","date_gmt":"2023-03-14T16:26:24","guid":{"rendered":"https:\/\/arketipo.com\/prodotto\/freedom\/"},"modified":"2025-07-28T14:25:15","modified_gmt":"2025-07-28T12:25:15","slug":"freedom","status":"publish","type":"product","link":"https:\/\/arketipo.com\/es\/prodotto\/freedom\/","title":{"rendered":"Freedom"},"content":{"rendered":"<p>Freedom: la libertad, un derecho b\u00e1sico&#8230; no solo en el dise\u00f1o.<br \/>\nHoy en d\u00eda, se debate como nunca sobre el concepto de la libertad y tenemos la posibilidad de expresar, de elegir, de vivir la vida que queramos sin necesidad de dar explicaciones. Ansiamos ser libres a todos los niveles: espiritual, psicol\u00f3gico y tambi\u00e9n f\u00edsico.<br \/>\nEl \u00faltimo dise\u00f1o de Giuseppe Vigan\u00f3 es una manifestaci\u00f3n de ese \u00faltimo aspecto. No debe haber l\u00edmite alguno a lo que podamos conseguir en dise\u00f1o interior ni a la forma de interactuar f\u00edsicamente con los objetos que llenan nuestra vida diaria.<br \/>\nEl dise\u00f1o de Freedom libera conceptos que no necesitan explicaci\u00f3n: un respaldo profundo y bien posicionado, una disposici\u00f3n de los asientos en forma de rombo, una estructura met\u00e1lica de soporte que permite elevar el conjunto y unas l\u00edneas fluidas y elegantes. En resumen: Freedom es libertad, por nombre y por naturaleza.<\/p>\n","protected":false},"excerpt":{"rendered":"<p>Freedom: la libertad, un derecho b\u00e1sico&#8230; no solo en el dise\u00f1o. Hoy en d\u00eda, se debate como nunca sobre el concepto de la libertad y tenemos la posibilidad de expresar, de elegir, de vivir la vida que queramos sin necesidad de dar explicaciones. Ansiamos ser libres a todos los niveles: espiritual, psicol\u00f3gico y tambi\u00e9n f\u00edsico. [&hellip;]<\/p>\n","protected":false},"featured_media":36557,"comment_status":"closed","ping_status":"closed","template":"","meta":[],"product_brand":[],"product_cat":[209,223],"product_tag":[],"class_list":{"0":"post-47192","1":"product","2":"type-product","3":"status-publish","4":"has-post-thumbnail","6":"product_cat-indoor-es","7":"product_cat-sillones","9":"first","10":"instock","11":"product-type-simple"},"_links":{"self":[{"href":"https:\/\/arketipo.com\/es\/wp-json\/wp\/v2\/product\/47192","targetHints":{"allow":["GET"]}}],"collection":[{"href":"https:\/\/arketipo.com\/es\/wp-json\/wp\/v2\/product"}],"about":[{"href":"https:\/\/arketipo.com\/es\/wp-json\/wp\/v2\/types\/product"}],"replies":[{"embeddable":true,"href":"https:\/\/arketipo.com\/es\/wp-json\/wp\/v2\/comments?post=47192"}],"wp:featuredmedia":[{"embeddable":true,"href":"https:\/\/arketipo.com\/es\/wp-json\/wp\/v2\/media\/36557"}],"wp:attachment":[{"href":"https:\/\/arketipo.com\/es\/wp-json\/wp\/v2\/media?parent=47192"}],"wp:term":[{"taxonomy":"product_brand","embeddable":true,"href":"https:\/\/arketipo.com\/es\/wp-json\/wp\/v2\/product_brand?post=47192"},{"taxonomy":"product_cat","embeddable":true,"href":"https:\/\/arketipo.com\/es\/wp-json\/wp\/v2\/product_cat?post=47192"},{"taxonomy":"product_tag","embeddable":true,"href":"https:\/\/arketipo.com\/es\/wp-json\/wp\/v2\/product_tag?post=47192"}],"curies":[{"name":"wp","href":"https:\/\/api.w.org\/{rel}","templated":true}]}}