{"id":47195,"date":"2023-03-14T17:26:01","date_gmt":"2023-03-14T16:26:01","guid":{"rendered":"https:\/\/arketipo.com\/prodotto\/jupiter\/"},"modified":"2025-07-28T14:25:18","modified_gmt":"2025-07-28T12:25:18","slug":"jupiter","status":"publish","type":"product","link":"https:\/\/arketipo.com\/es\/prodotto\/jupiter\/","title":{"rendered":"Jupiter"},"content":{"rendered":"<p>Un equilibrio elegante y ergon\u00f3mico. Ligereza din\u00e1mica y estable.<br \/>\nSu mirada intemporal es enfatizada por la forma y por el uso singular de los materiales.<\/p>\n<p>El sill\u00f3n J\u00fapiter tiene una estructura de arco de metal curvado que sostiene y apoya la cubierta de fibra de vidrio. El acolchado ergon\u00f3mico de pluma garantiza un alto nivel de confort.<\/p>\n","protected":false},"excerpt":{"rendered":"<p>Un equilibrio elegante y ergon\u00f3mico. Ligereza din\u00e1mica y estable. Su mirada intemporal es enfatizada por la forma y por el uso singular de los materiales. El sill\u00f3n J\u00fapiter tiene una estructura de arco de metal curvado que sostiene y apoya la cubierta de fibra de vidrio. El acolchado ergon\u00f3mico de pluma garantiza un alto nivel [&hellip;]<\/p>\n","protected":false},"featured_media":33326,"comment_status":"closed","ping_status":"closed","template":"","meta":[],"product_brand":[],"product_cat":[209,223],"product_tag":[],"class_list":{"0":"post-47195","1":"product","2":"type-product","3":"status-publish","4":"has-post-thumbnail","6":"product_cat-indoor-es","7":"product_cat-sillones","9":"first","10":"instock","11":"product-type-simple"},"_links":{"self":[{"href":"https:\/\/arketipo.com\/es\/wp-json\/wp\/v2\/product\/47195","targetHints":{"allow":["GET"]}}],"collection":[{"href":"https:\/\/arketipo.com\/es\/wp-json\/wp\/v2\/product"}],"about":[{"href":"https:\/\/arketipo.com\/es\/wp-json\/wp\/v2\/types\/product"}],"replies":[{"embeddable":true,"href":"https:\/\/arketipo.com\/es\/wp-json\/wp\/v2\/comments?post=47195"}],"wp:featuredmedia":[{"embeddable":true,"href":"https:\/\/arketipo.com\/es\/wp-json\/wp\/v2\/media\/33326"}],"wp:attachment":[{"href":"https:\/\/arketipo.com\/es\/wp-json\/wp\/v2\/media?parent=47195"}],"wp:term":[{"taxonomy":"product_brand","embeddable":true,"href":"https:\/\/arketipo.com\/es\/wp-json\/wp\/v2\/product_brand?post=47195"},{"taxonomy":"product_cat","embeddable":true,"href":"https:\/\/arketipo.com\/es\/wp-json\/wp\/v2\/product_cat?post=47195"},{"taxonomy":"product_tag","embeddable":true,"href":"https:\/\/arketipo.com\/es\/wp-json\/wp\/v2\/product_tag?post=47195"}],"curies":[{"name":"wp","href":"https:\/\/api.w.org\/{rel}","templated":true}]}}