{"id":47196,"date":"2023-03-14T17:26:01","date_gmt":"2023-03-14T16:26:01","guid":{"rendered":"https:\/\/arketipo.com\/prodotto\/jupiter-lite\/"},"modified":"2025-07-28T14:25:19","modified_gmt":"2025-07-28T12:25:19","slug":"jupiter-lite","status":"publish","type":"product","link":"https:\/\/arketipo.com\/es\/prodotto\/jupiter-lite\/","title":{"rendered":"Jupiter Lite"},"content":{"rendered":"<p>La increible ligereza es la misma esencia de la butaca Jupiter Lite, fruto de la constante busqueda est\u00edlistica e innovadora de Arketipo Firenze. Reforzado por un gran consenso del publico, el dise\u00f1ador Mauro Lipparini ha creado la versi\u00f3n Lite con carcasa en poliuretano, de aspecto m\u00e1s uniforme y liso respecto a la de fibra de vidrio. El resultado es una butaca notablemente m\u00e1s flexible y versatil.<br \/>\nLa carcasa de hecho puede ser revestida en la refinada Piel Leonardo en todas sus variantes de color, mientras que la estructura adem\u00e1s de los acabados en marr\u00f3n micaceo y titanio amplia su gama a\u00f1adiendo el sofisticado acabado en niquel negro.<\/p>\n","protected":false},"excerpt":{"rendered":"<p>La increible ligereza es la misma esencia de la butaca Jupiter Lite, fruto de la constante busqueda est\u00edlistica e innovadora de Arketipo Firenze. Reforzado por un gran consenso del publico, el dise\u00f1ador Mauro Lipparini ha creado la versi\u00f3n Lite con carcasa en poliuretano, de aspecto m\u00e1s uniforme y liso respecto a la de fibra de [&hellip;]<\/p>\n","protected":false},"featured_media":59724,"comment_status":"closed","ping_status":"closed","template":"","meta":[],"product_brand":[],"product_cat":[209,223],"product_tag":[],"class_list":{"0":"post-47196","1":"product","2":"type-product","3":"status-publish","4":"has-post-thumbnail","6":"product_cat-indoor-es","7":"product_cat-sillones","9":"first","10":"instock","11":"product-type-simple"},"_links":{"self":[{"href":"https:\/\/arketipo.com\/es\/wp-json\/wp\/v2\/product\/47196","targetHints":{"allow":["GET"]}}],"collection":[{"href":"https:\/\/arketipo.com\/es\/wp-json\/wp\/v2\/product"}],"about":[{"href":"https:\/\/arketipo.com\/es\/wp-json\/wp\/v2\/types\/product"}],"replies":[{"embeddable":true,"href":"https:\/\/arketipo.com\/es\/wp-json\/wp\/v2\/comments?post=47196"}],"wp:featuredmedia":[{"embeddable":true,"href":"https:\/\/arketipo.com\/es\/wp-json\/wp\/v2\/media\/59724"}],"wp:attachment":[{"href":"https:\/\/arketipo.com\/es\/wp-json\/wp\/v2\/media?parent=47196"}],"wp:term":[{"taxonomy":"product_brand","embeddable":true,"href":"https:\/\/arketipo.com\/es\/wp-json\/wp\/v2\/product_brand?post=47196"},{"taxonomy":"product_cat","embeddable":true,"href":"https:\/\/arketipo.com\/es\/wp-json\/wp\/v2\/product_cat?post=47196"},{"taxonomy":"product_tag","embeddable":true,"href":"https:\/\/arketipo.com\/es\/wp-json\/wp\/v2\/product_tag?post=47196"}],"curies":[{"name":"wp","href":"https:\/\/api.w.org\/{rel}","templated":true}]}}