{"id":47199,"date":"2023-03-14T17:26:23","date_gmt":"2023-03-14T16:26:23","guid":{"rendered":"https:\/\/arketipo.com\/prodotto\/nascar\/"},"modified":"2025-07-28T14:25:27","modified_gmt":"2025-07-28T12:25:27","slug":"nascar","status":"publish","type":"product","link":"https:\/\/arketipo.com\/es\/prodotto\/nascar\/","title":{"rendered":"Nascar"},"content":{"rendered":"<p>Piensa en el principio b\u00e1sico de una silla, lo tienes? Debe ser c\u00f3moda, ofrecer soporte, tener un estilo y un car\u00e1cter que tambi\u00e9n sean \u00fanicos y estar inspirada en algo superior\u2026 esa es Nasca.<br \/>\nNo es extra\u00f1o que quieras sentarte de inmediato con solo mirar el respaldo. Y las l\u00edneas descendentes, los brazos curvos y la sensaci\u00f3n de familiaridad que se tiene al estar sentado? Has reparado en las piernas, que mantienen el estilo de dise\u00f1o peculiar que confiere continuidad a las caracter\u00edsticas est\u00e9ticas de la silla? Todo se crea por un motivo, y en Nascar consiste en tomar el principio b\u00e1sico de la silla e inyectarle algo completamente nuevo en el espacio vital.<\/p>\n","protected":false},"excerpt":{"rendered":"<p>Piensa en el principio b\u00e1sico de una silla, lo tienes? Debe ser c\u00f3moda, ofrecer soporte, tener un estilo y un car\u00e1cter que tambi\u00e9n sean \u00fanicos y estar inspirada en algo superior\u2026 esa es Nasca. No es extra\u00f1o que quieras sentarte de inmediato con solo mirar el respaldo. Y las l\u00edneas descendentes, los brazos curvos y [&hellip;]<\/p>\n","protected":false},"featured_media":35826,"comment_status":"closed","ping_status":"closed","template":"","meta":[],"product_brand":[],"product_cat":[209,223],"product_tag":[],"class_list":{"0":"post-47199","1":"product","2":"type-product","3":"status-publish","4":"has-post-thumbnail","6":"product_cat-indoor-es","7":"product_cat-sillones","9":"first","10":"instock","11":"product-type-simple"},"_links":{"self":[{"href":"https:\/\/arketipo.com\/es\/wp-json\/wp\/v2\/product\/47199","targetHints":{"allow":["GET"]}}],"collection":[{"href":"https:\/\/arketipo.com\/es\/wp-json\/wp\/v2\/product"}],"about":[{"href":"https:\/\/arketipo.com\/es\/wp-json\/wp\/v2\/types\/product"}],"replies":[{"embeddable":true,"href":"https:\/\/arketipo.com\/es\/wp-json\/wp\/v2\/comments?post=47199"}],"wp:featuredmedia":[{"embeddable":true,"href":"https:\/\/arketipo.com\/es\/wp-json\/wp\/v2\/media\/35826"}],"wp:attachment":[{"href":"https:\/\/arketipo.com\/es\/wp-json\/wp\/v2\/media?parent=47199"}],"wp:term":[{"taxonomy":"product_brand","embeddable":true,"href":"https:\/\/arketipo.com\/es\/wp-json\/wp\/v2\/product_brand?post=47199"},{"taxonomy":"product_cat","embeddable":true,"href":"https:\/\/arketipo.com\/es\/wp-json\/wp\/v2\/product_cat?post=47199"},{"taxonomy":"product_tag","embeddable":true,"href":"https:\/\/arketipo.com\/es\/wp-json\/wp\/v2\/product_tag?post=47199"}],"curies":[{"name":"wp","href":"https:\/\/api.w.org\/{rel}","templated":true}]}}