{"id":47200,"date":"2023-03-14T17:26:05","date_gmt":"2023-03-14T16:26:05","guid":{"rendered":"https:\/\/arketipo.com\/prodotto\/overdrive\/"},"modified":"2025-07-28T14:25:28","modified_gmt":"2025-07-28T12:25:28","slug":"overdrive","status":"publish","type":"product","link":"https:\/\/arketipo.com\/es\/prodotto\/overdrive\/","title":{"rendered":"Overdrive"},"content":{"rendered":"<p>On\u00edrica y cautivadora, la butaca giratoria OVERDRIVE se caracteriza por su gran impacto escenogr\u00e1fico.<br \/>\nLa forma din\u00e1mica con proporciones alargadas se inspira en el mundo del cine fant\u00e1stico interpretado en clave ir\u00f3nica.<br \/>\nEl resultado? Un objeto imprescindible, cautivador y de gran car\u00e1cter en el que la armon\u00eda de combinaciones, materiales y tonos que no atienden a modas pasajeras, logra crear un estilo entre sue\u00f1o y provocaci\u00f3n.<\/p>\n","protected":false},"excerpt":{"rendered":"<p>On\u00edrica y cautivadora, la butaca giratoria OVERDRIVE se caracteriza por su gran impacto escenogr\u00e1fico. La forma din\u00e1mica con proporciones alargadas se inspira en el mundo del cine fant\u00e1stico interpretado en clave ir\u00f3nica. El resultado? Un objeto imprescindible, cautivador y de gran car\u00e1cter en el que la armon\u00eda de combinaciones, materiales y tonos que no atienden [&hellip;]<\/p>\n","protected":false},"featured_media":33606,"comment_status":"closed","ping_status":"closed","template":"","meta":[],"product_brand":[],"product_cat":[209,223],"product_tag":[],"class_list":{"0":"post-47200","1":"product","2":"type-product","3":"status-publish","4":"has-post-thumbnail","6":"product_cat-indoor-es","7":"product_cat-sillones","9":"first","10":"instock","11":"product-type-simple"},"_links":{"self":[{"href":"https:\/\/arketipo.com\/es\/wp-json\/wp\/v2\/product\/47200","targetHints":{"allow":["GET"]}}],"collection":[{"href":"https:\/\/arketipo.com\/es\/wp-json\/wp\/v2\/product"}],"about":[{"href":"https:\/\/arketipo.com\/es\/wp-json\/wp\/v2\/types\/product"}],"replies":[{"embeddable":true,"href":"https:\/\/arketipo.com\/es\/wp-json\/wp\/v2\/comments?post=47200"}],"wp:featuredmedia":[{"embeddable":true,"href":"https:\/\/arketipo.com\/es\/wp-json\/wp\/v2\/media\/33606"}],"wp:attachment":[{"href":"https:\/\/arketipo.com\/es\/wp-json\/wp\/v2\/media?parent=47200"}],"wp:term":[{"taxonomy":"product_brand","embeddable":true,"href":"https:\/\/arketipo.com\/es\/wp-json\/wp\/v2\/product_brand?post=47200"},{"taxonomy":"product_cat","embeddable":true,"href":"https:\/\/arketipo.com\/es\/wp-json\/wp\/v2\/product_cat?post=47200"},{"taxonomy":"product_tag","embeddable":true,"href":"https:\/\/arketipo.com\/es\/wp-json\/wp\/v2\/product_tag?post=47200"}],"curies":[{"name":"wp","href":"https:\/\/api.w.org\/{rel}","templated":true}]}}