{"id":47209,"date":"2023-03-14T17:26:10","date_gmt":"2023-03-14T16:26:10","guid":{"rendered":"https:\/\/arketipo.com\/prodotto\/venus\/"},"modified":"2026-03-18T17:22:25","modified_gmt":"2026-03-18T16:22:25","slug":"venus","status":"publish","type":"product","link":"https:\/\/arketipo.com\/es\/prodotto\/venus\/","title":{"rendered":"Venus"},"content":{"rendered":"<p>A primera vista tiene un aspecto r\u00edgido y, de hecho, Venus es el tipo de silla que tienes que mirar dos veces.<\/p>\n<p>Tres patas crean <strong>una estructura s\u00f3lida<\/strong> y, al mismo tiempo, envuelven el marco y contrastan con la forma de los elementos tapizados. Venus est\u00e1<strong>dise\u00f1ada para atraer tu atenci\u00f3n.<\/strong> \u00bfLo hace ahora? <\/p>\n","protected":false},"excerpt":{"rendered":"<p>A primera vista tiene un aspecto r\u00edgido y, de hecho, Venus es el tipo de silla que tienes que mirar dos veces. Tres patas crean una estructura s\u00f3lida y, al mismo tiempo, envuelven el marco y contrastan con la forma de los elementos tapizados. Venus est\u00e1dise\u00f1ada para atraer tu atenci\u00f3n. \u00bfLo hace ahora?<\/p>\n","protected":false},"featured_media":60267,"comment_status":"closed","ping_status":"closed","template":"","meta":[],"product_brand":[],"product_cat":[209,225,158],"product_tag":[],"class_list":{"0":"post-47209","1":"product","2":"type-product","3":"status-publish","4":"has-post-thumbnail","6":"product_cat-indoor-es","7":"product_cat-sillas","8":"product_cat-sin-categoria","10":"first","11":"instock","12":"product-type-simple"},"_links":{"self":[{"href":"https:\/\/arketipo.com\/es\/wp-json\/wp\/v2\/product\/47209","targetHints":{"allow":["GET"]}}],"collection":[{"href":"https:\/\/arketipo.com\/es\/wp-json\/wp\/v2\/product"}],"about":[{"href":"https:\/\/arketipo.com\/es\/wp-json\/wp\/v2\/types\/product"}],"replies":[{"embeddable":true,"href":"https:\/\/arketipo.com\/es\/wp-json\/wp\/v2\/comments?post=47209"}],"wp:featuredmedia":[{"embeddable":true,"href":"https:\/\/arketipo.com\/es\/wp-json\/wp\/v2\/media\/60267"}],"wp:attachment":[{"href":"https:\/\/arketipo.com\/es\/wp-json\/wp\/v2\/media?parent=47209"}],"wp:term":[{"taxonomy":"product_brand","embeddable":true,"href":"https:\/\/arketipo.com\/es\/wp-json\/wp\/v2\/product_brand?post=47209"},{"taxonomy":"product_cat","embeddable":true,"href":"https:\/\/arketipo.com\/es\/wp-json\/wp\/v2\/product_cat?post=47209"},{"taxonomy":"product_tag","embeddable":true,"href":"https:\/\/arketipo.com\/es\/wp-json\/wp\/v2\/product_tag?post=47209"}],"curies":[{"name":"wp","href":"https:\/\/api.w.org\/{rel}","templated":true}]}}