{"id":47213,"date":"2023-03-14T17:26:10","date_gmt":"2023-03-14T16:26:10","guid":{"rendered":"https:\/\/arketipo.com\/prodotto\/in-dependent\/"},"modified":"2025-07-28T14:25:38","modified_gmt":"2025-07-28T12:25:38","slug":"in-dependent","status":"publish","type":"product","link":"https:\/\/arketipo.com\/es\/prodotto\/in-dependent\/","title":{"rendered":"In-Dependent"},"content":{"rendered":"<p>El separador IN-DEPENDENT es la perfecta s\u00edntesis din\u00e1mica del espacio que lo rodea.<br \/>\nEst\u00e1 integrado por un conjunto de elementos que se superponen en secuencia creando un efecto visual tridimensional con un marcado car\u00e1cter expresivo.<br \/>\nColocando uno o varios paneles, se logra una divisi\u00f3n racional de los espacios creando nuevas ilusiones de perspectiva gracias a los reflejos del espejo.<br \/>\nUn objeto que se muestra y sorprende seg\u00fan el punto desde el que se mira, aunando forma y funci\u00f3n de manera totalmente inesperada.<\/p>\n","protected":false},"excerpt":{"rendered":"<p>El separador IN-DEPENDENT es la perfecta s\u00edntesis din\u00e1mica del espacio que lo rodea. Est\u00e1 integrado por un conjunto de elementos que se superponen en secuencia creando un efecto visual tridimensional con un marcado car\u00e1cter expresivo. Colocando uno o varios paneles, se logra una divisi\u00f3n racional de los espacios creando nuevas ilusiones de perspectiva gracias a [&hellip;]<\/p>\n","protected":false},"featured_media":34323,"comment_status":"closed","ping_status":"closed","template":"","meta":[],"product_brand":[],"product_cat":[201,209,158],"product_tag":[],"class_list":{"0":"post-47213","1":"product","2":"type-product","3":"status-publish","4":"has-post-thumbnail","6":"product_cat-accesorios","7":"product_cat-indoor-es","8":"product_cat-sin-categoria","10":"first","11":"instock","12":"product-type-simple"},"_links":{"self":[{"href":"https:\/\/arketipo.com\/es\/wp-json\/wp\/v2\/product\/47213","targetHints":{"allow":["GET"]}}],"collection":[{"href":"https:\/\/arketipo.com\/es\/wp-json\/wp\/v2\/product"}],"about":[{"href":"https:\/\/arketipo.com\/es\/wp-json\/wp\/v2\/types\/product"}],"replies":[{"embeddable":true,"href":"https:\/\/arketipo.com\/es\/wp-json\/wp\/v2\/comments?post=47213"}],"wp:featuredmedia":[{"embeddable":true,"href":"https:\/\/arketipo.com\/es\/wp-json\/wp\/v2\/media\/34323"}],"wp:attachment":[{"href":"https:\/\/arketipo.com\/es\/wp-json\/wp\/v2\/media?parent=47213"}],"wp:term":[{"taxonomy":"product_brand","embeddable":true,"href":"https:\/\/arketipo.com\/es\/wp-json\/wp\/v2\/product_brand?post=47213"},{"taxonomy":"product_cat","embeddable":true,"href":"https:\/\/arketipo.com\/es\/wp-json\/wp\/v2\/product_cat?post=47213"},{"taxonomy":"product_tag","embeddable":true,"href":"https:\/\/arketipo.com\/es\/wp-json\/wp\/v2\/product_tag?post=47213"}],"curies":[{"name":"wp","href":"https:\/\/api.w.org\/{rel}","templated":true}]}}