{"id":47216,"date":"2023-03-14T17:26:20","date_gmt":"2023-03-14T16:26:20","guid":{"rendered":"https:\/\/arketipo.com\/prodotto\/argentario\/"},"modified":"2025-07-28T14:25:40","modified_gmt":"2025-07-28T12:25:40","slug":"argentario","status":"publish","type":"product","link":"https:\/\/arketipo.com\/es\/prodotto\/argentario\/","title":{"rendered":"Argentario"},"content":{"rendered":"<p>Su propio nombre anticipa una visi\u00f3n: el mar que brilla hasta donde alcanza la vista, disfrutando tumbados tranquilamente a la sombra de un porche o bajo la caricia del sol.<\/p>\n<p>Argentario representa una invitaci\u00f3n a gozar del placer del descanso, la lectura, el canto de los p\u00e1jaros, la frescura de los \u00e1rboles o el suspiro del viento. Esta tumbona recupera el lenguaje est\u00e9tico de la familia para exteriores con l\u00edneas tubulares y correas a la vista y cuenta con la mesita integrada para un relax completo. Gracias a la fina ligereza de la colchoneta, caracterizada por cortes geom\u00e9tricos, la tumbona Argentario es armoniosa y gr\u00e1ficamente delicada, con una elegancia refinada, propia de una excelente expresi\u00f3n de dise\u00f1o.<\/p>\n<p>La mesita desplazable permite utilizarla como sof\u00e1 de exterior, confirmando la idea de funcionalidad al servicio del placer.<\/p>\n","protected":false},"excerpt":{"rendered":"<p>Su propio nombre anticipa una visi\u00f3n: el mar que brilla hasta donde alcanza la vista, disfrutando tumbados tranquilamente a la sombra de un porche o bajo la caricia del sol. Argentario representa una invitaci\u00f3n a gozar del placer del descanso, la lectura, el canto de los p\u00e1jaros, la frescura de los \u00e1rboles o el suspiro [&hellip;]<\/p>\n","protected":false},"featured_media":35369,"comment_status":"closed","ping_status":"closed","template":"","meta":[],"product_brand":[],"product_cat":[203,219],"product_tag":[],"class_list":{"0":"post-47216","1":"product","2":"type-product","3":"status-publish","4":"has-post-thumbnail","6":"product_cat-complementos-es","7":"product_cat-outdoor-es","9":"first","10":"instock","11":"product-type-simple"},"_links":{"self":[{"href":"https:\/\/arketipo.com\/es\/wp-json\/wp\/v2\/product\/47216","targetHints":{"allow":["GET"]}}],"collection":[{"href":"https:\/\/arketipo.com\/es\/wp-json\/wp\/v2\/product"}],"about":[{"href":"https:\/\/arketipo.com\/es\/wp-json\/wp\/v2\/types\/product"}],"replies":[{"embeddable":true,"href":"https:\/\/arketipo.com\/es\/wp-json\/wp\/v2\/comments?post=47216"}],"wp:featuredmedia":[{"embeddable":true,"href":"https:\/\/arketipo.com\/es\/wp-json\/wp\/v2\/media\/35369"}],"wp:attachment":[{"href":"https:\/\/arketipo.com\/es\/wp-json\/wp\/v2\/media?parent=47216"}],"wp:term":[{"taxonomy":"product_brand","embeddable":true,"href":"https:\/\/arketipo.com\/es\/wp-json\/wp\/v2\/product_brand?post=47216"},{"taxonomy":"product_cat","embeddable":true,"href":"https:\/\/arketipo.com\/es\/wp-json\/wp\/v2\/product_cat?post=47216"},{"taxonomy":"product_tag","embeddable":true,"href":"https:\/\/arketipo.com\/es\/wp-json\/wp\/v2\/product_tag?post=47216"}],"curies":[{"name":"wp","href":"https:\/\/api.w.org\/{rel}","templated":true}]}}