{"id":47217,"date":"2023-03-14T17:26:24","date_gmt":"2023-03-14T16:26:24","guid":{"rendered":"https:\/\/arketipo.com\/prodotto\/aura\/"},"modified":"2025-07-28T14:25:42","modified_gmt":"2025-07-28T12:25:42","slug":"aura","status":"publish","type":"product","link":"https:\/\/arketipo.com\/es\/prodotto\/aura\/","title":{"rendered":"Aura"},"content":{"rendered":"<p>Formas l\u00edmpias y rigurosas caracterizan el aparador Aura. Un juego de volumenes puros y geom\u00e9tricos que se interseccionan creando un objeto de dise\u00f1o de estilo original y refinado.<\/p>\n<p>El importante plano est\u00e1 realizado en marmol o cristal al acido retro pintado marr\u00f3n-gris y rodeado de un tubo met\u00e1lico, acabado en marr\u00f3n micaceo, bronce, titanio o oxy grey.<\/p>\n<p>El efecto visual, como conjunto de detalles, es una imagen decidida y de rica personalidad.<\/p>\n","protected":false},"excerpt":{"rendered":"<p>Formas l\u00edmpias y rigurosas caracterizan el aparador Aura. Un juego de volumenes puros y geom\u00e9tricos que se interseccionan creando un objeto de dise\u00f1o de estilo original y refinado. El importante plano est\u00e1 realizado en marmol o cristal al acido retro pintado marr\u00f3n-gris y rodeado de un tubo met\u00e1lico, acabado en marr\u00f3n micaceo, bronce, titanio o [&hellip;]<\/p>\n","protected":false},"featured_media":36506,"comment_status":"closed","ping_status":"closed","template":"","meta":[],"product_brand":[],"product_cat":[203,209,158],"product_tag":[],"class_list":{"0":"post-47217","1":"product","2":"type-product","3":"status-publish","4":"has-post-thumbnail","6":"product_cat-complementos-es","7":"product_cat-indoor-es","8":"product_cat-sin-categoria","10":"first","11":"instock","12":"product-type-simple"},"_links":{"self":[{"href":"https:\/\/arketipo.com\/es\/wp-json\/wp\/v2\/product\/47217","targetHints":{"allow":["GET"]}}],"collection":[{"href":"https:\/\/arketipo.com\/es\/wp-json\/wp\/v2\/product"}],"about":[{"href":"https:\/\/arketipo.com\/es\/wp-json\/wp\/v2\/types\/product"}],"replies":[{"embeddable":true,"href":"https:\/\/arketipo.com\/es\/wp-json\/wp\/v2\/comments?post=47217"}],"wp:featuredmedia":[{"embeddable":true,"href":"https:\/\/arketipo.com\/es\/wp-json\/wp\/v2\/media\/36506"}],"wp:attachment":[{"href":"https:\/\/arketipo.com\/es\/wp-json\/wp\/v2\/media?parent=47217"}],"wp:term":[{"taxonomy":"product_brand","embeddable":true,"href":"https:\/\/arketipo.com\/es\/wp-json\/wp\/v2\/product_brand?post=47217"},{"taxonomy":"product_cat","embeddable":true,"href":"https:\/\/arketipo.com\/es\/wp-json\/wp\/v2\/product_cat?post=47217"},{"taxonomy":"product_tag","embeddable":true,"href":"https:\/\/arketipo.com\/es\/wp-json\/wp\/v2\/product_tag?post=47217"}],"curies":[{"name":"wp","href":"https:\/\/api.w.org\/{rel}","templated":true}]}}