{"id":47221,"date":"2023-03-14T17:26:21","date_gmt":"2023-03-14T16:26:21","guid":{"rendered":"https:\/\/arketipo.com\/prodotto\/effetto-notte\/"},"modified":"2025-07-28T14:25:49","modified_gmt":"2025-07-28T12:25:49","slug":"effetto-notte","status":"publish","type":"product","link":"https:\/\/arketipo.com\/es\/prodotto\/effetto-notte\/","title":{"rendered":"Effetto Notte"},"content":{"rendered":"<p>Las mesillas Effetto notte se inspiran en la t\u00e9cnica cinematogr\u00e1fica del mismo nombre que simula la luz nocturna tambi\u00e9n durante el d\u00eda.<\/p>\n<p>Su capacidad de moldear el espacio cambiante pasa por un di\u00e1logo entre corporeidad volum\u00e9trica y ligereza estructural. Con su forma sobria y refinada, se presentan con naturalidad como objetos valiosos, \u00fanicos y elegantes, aut\u00e9nticos cofres que se convierten en protagonistas discretos del \u00e1rea que rodea la cama. Las patas, de perfiles de metal curvado, como pasadores, aportan ligereza al caj\u00f3n que parece flotar con un sentido de solidez, logrando un perfecto equilibrio est\u00e9tico, mientras que la falta de aristas produce una sensaci\u00f3n de funcionalidad ergon\u00f3mica.<\/p>\n<p>Por \u00faltimo, la encimera de m\u00e1rmol fino evoca ese sentido de cl\u00e1sico moderno al combinarse con los dem\u00e1s materiales -madera y metal- mostrando una evoluci\u00f3n del estilo proyectado hacia la contemporaneidad.<\/p>\n","protected":false},"excerpt":{"rendered":"<p>Las mesillas Effetto notte se inspiran en la t\u00e9cnica cinematogr\u00e1fica del mismo nombre que simula la luz nocturna tambi\u00e9n durante el d\u00eda. Su capacidad de moldear el espacio cambiante pasa por un di\u00e1logo entre corporeidad volum\u00e9trica y ligereza estructural. Con su forma sobria y refinada, se presentan con naturalidad como objetos valiosos, \u00fanicos y elegantes, [&hellip;]<\/p>\n","protected":false},"featured_media":35622,"comment_status":"closed","ping_status":"closed","template":"","meta":[],"product_brand":[],"product_cat":[203,209],"product_tag":[],"class_list":{"0":"post-47221","1":"product","2":"type-product","3":"status-publish","4":"has-post-thumbnail","6":"product_cat-complementos-es","7":"product_cat-indoor-es","9":"first","10":"instock","11":"product-type-simple"},"_links":{"self":[{"href":"https:\/\/arketipo.com\/es\/wp-json\/wp\/v2\/product\/47221","targetHints":{"allow":["GET"]}}],"collection":[{"href":"https:\/\/arketipo.com\/es\/wp-json\/wp\/v2\/product"}],"about":[{"href":"https:\/\/arketipo.com\/es\/wp-json\/wp\/v2\/types\/product"}],"replies":[{"embeddable":true,"href":"https:\/\/arketipo.com\/es\/wp-json\/wp\/v2\/comments?post=47221"}],"wp:featuredmedia":[{"embeddable":true,"href":"https:\/\/arketipo.com\/es\/wp-json\/wp\/v2\/media\/35622"}],"wp:attachment":[{"href":"https:\/\/arketipo.com\/es\/wp-json\/wp\/v2\/media?parent=47221"}],"wp:term":[{"taxonomy":"product_brand","embeddable":true,"href":"https:\/\/arketipo.com\/es\/wp-json\/wp\/v2\/product_brand?post=47221"},{"taxonomy":"product_cat","embeddable":true,"href":"https:\/\/arketipo.com\/es\/wp-json\/wp\/v2\/product_cat?post=47221"},{"taxonomy":"product_tag","embeddable":true,"href":"https:\/\/arketipo.com\/es\/wp-json\/wp\/v2\/product_tag?post=47221"}],"curies":[{"name":"wp","href":"https:\/\/api.w.org\/{rel}","templated":true}]}}