{"id":47222,"date":"2023-03-14T17:25:57","date_gmt":"2023-03-14T16:25:57","guid":{"rendered":"https:\/\/arketipo.com\/prodotto\/electra\/"},"modified":"2025-07-28T14:25:50","modified_gmt":"2025-07-28T12:25:50","slug":"electra","status":"publish","type":"product","link":"https:\/\/arketipo.com\/es\/prodotto\/electra\/","title":{"rendered":"Electra"},"content":{"rendered":"<p>En el curso de la historia, en la mitolog\u00eda, en la cultura pop y en las referencias literarias, el nombre Electra transmite un sentido de misterio: es el tipo de nombre que se adapta a un producto Arketipo.<\/p>\n<p>La simplicidad formal se acompa\u00f1a de un uso delicioso de materiales diversos: madera y cristal subrayan un dise\u00f1o en el \u00fanico modo que se puede realizar un producto Arketipo. De la base en metal a la combinaci\u00f3n de elementos de la estructura, Electra es un producto contempor\u00e1neo que busca soluciones en la vida moderna.<\/p>\n","protected":false},"excerpt":{"rendered":"<p>En el curso de la historia, en la mitolog\u00eda, en la cultura pop y en las referencias literarias, el nombre Electra transmite un sentido de misterio: es el tipo de nombre que se adapta a un producto Arketipo. La simplicidad formal se acompa\u00f1a de un uso delicioso de materiales diversos: madera y cristal subrayan un [&hellip;]<\/p>\n","protected":false},"featured_media":32701,"comment_status":"closed","ping_status":"closed","template":"","meta":[],"product_brand":[],"product_cat":[203,209,158],"product_tag":[],"class_list":{"0":"post-47222","1":"product","2":"type-product","3":"status-publish","4":"has-post-thumbnail","6":"product_cat-complementos-es","7":"product_cat-indoor-es","8":"product_cat-sin-categoria","10":"first","11":"instock","12":"product-type-simple"},"_links":{"self":[{"href":"https:\/\/arketipo.com\/es\/wp-json\/wp\/v2\/product\/47222","targetHints":{"allow":["GET"]}}],"collection":[{"href":"https:\/\/arketipo.com\/es\/wp-json\/wp\/v2\/product"}],"about":[{"href":"https:\/\/arketipo.com\/es\/wp-json\/wp\/v2\/types\/product"}],"replies":[{"embeddable":true,"href":"https:\/\/arketipo.com\/es\/wp-json\/wp\/v2\/comments?post=47222"}],"wp:featuredmedia":[{"embeddable":true,"href":"https:\/\/arketipo.com\/es\/wp-json\/wp\/v2\/media\/32701"}],"wp:attachment":[{"href":"https:\/\/arketipo.com\/es\/wp-json\/wp\/v2\/media?parent=47222"}],"wp:term":[{"taxonomy":"product_brand","embeddable":true,"href":"https:\/\/arketipo.com\/es\/wp-json\/wp\/v2\/product_brand?post=47222"},{"taxonomy":"product_cat","embeddable":true,"href":"https:\/\/arketipo.com\/es\/wp-json\/wp\/v2\/product_cat?post=47222"},{"taxonomy":"product_tag","embeddable":true,"href":"https:\/\/arketipo.com\/es\/wp-json\/wp\/v2\/product_tag?post=47222"}],"curies":[{"name":"wp","href":"https:\/\/api.w.org\/{rel}","templated":true}]}}