{"id":47226,"date":"2023-03-14T17:26:07","date_gmt":"2023-03-14T16:26:07","guid":{"rendered":"https:\/\/arketipo.com\/prodotto\/inkiostro\/"},"modified":"2025-07-28T14:25:53","modified_gmt":"2025-07-28T12:25:53","slug":"inkiostro","status":"publish","type":"product","link":"https:\/\/arketipo.com\/es\/prodotto\/inkiostro\/","title":{"rendered":"Inkiostro"},"content":{"rendered":"<p>Un escritorio lineal y vers\u00e1til, completado por un coj\u00edn de escritorio de cuero sint\u00e9tico.<\/p>\n<p>La pieza met\u00e1lica da un toque de modernidad al estilo puramente vintage de la pieza. La apertura de los compartimentos da profundidad y funcionalidad.<\/p>\n<p>Inkiostro no es s\u00f3lo un escritorio de trabajo, sino que pretende crear un espacio confortable y privado.<\/p>\n","protected":false},"excerpt":{"rendered":"<p>Un escritorio lineal y vers\u00e1til, completado por un coj\u00edn de escritorio de cuero sint\u00e9tico. La pieza met\u00e1lica da un toque de modernidad al estilo puramente vintage de la pieza. La apertura de los compartimentos da profundidad y funcionalidad. Inkiostro no es s\u00f3lo un escritorio de trabajo, sino que pretende crear un espacio confortable y privado.<\/p>\n","protected":false},"featured_media":33805,"comment_status":"closed","ping_status":"closed","template":"","meta":[],"product_brand":[],"product_cat":[203,209,158],"product_tag":[],"class_list":{"0":"post-47226","1":"product","2":"type-product","3":"status-publish","4":"has-post-thumbnail","6":"product_cat-complementos-es","7":"product_cat-indoor-es","8":"product_cat-sin-categoria","10":"first","11":"instock","12":"product-type-simple"},"_links":{"self":[{"href":"https:\/\/arketipo.com\/es\/wp-json\/wp\/v2\/product\/47226","targetHints":{"allow":["GET"]}}],"collection":[{"href":"https:\/\/arketipo.com\/es\/wp-json\/wp\/v2\/product"}],"about":[{"href":"https:\/\/arketipo.com\/es\/wp-json\/wp\/v2\/types\/product"}],"replies":[{"embeddable":true,"href":"https:\/\/arketipo.com\/es\/wp-json\/wp\/v2\/comments?post=47226"}],"wp:featuredmedia":[{"embeddable":true,"href":"https:\/\/arketipo.com\/es\/wp-json\/wp\/v2\/media\/33805"}],"wp:attachment":[{"href":"https:\/\/arketipo.com\/es\/wp-json\/wp\/v2\/media?parent=47226"}],"wp:term":[{"taxonomy":"product_brand","embeddable":true,"href":"https:\/\/arketipo.com\/es\/wp-json\/wp\/v2\/product_brand?post=47226"},{"taxonomy":"product_cat","embeddable":true,"href":"https:\/\/arketipo.com\/es\/wp-json\/wp\/v2\/product_cat?post=47226"},{"taxonomy":"product_tag","embeddable":true,"href":"https:\/\/arketipo.com\/es\/wp-json\/wp\/v2\/product_tag?post=47226"}],"curies":[{"name":"wp","href":"https:\/\/api.w.org\/{rel}","templated":true}]}}