{"id":47227,"date":"2023-03-14T17:26:21","date_gmt":"2023-03-14T16:26:21","guid":{"rendered":"https:\/\/arketipo.com\/prodotto\/roxanne\/"},"modified":"2025-07-28T14:25:54","modified_gmt":"2025-07-28T12:25:54","slug":"roxanne","status":"publish","type":"product","link":"https:\/\/arketipo.com\/es\/prodotto\/roxanne\/","title":{"rendered":"Roxanne"},"content":{"rendered":"<p>Si cogi\u00e9ramos a un baterista punk, un profesor de ingl\u00e9s y un guitarrista de jazz y form\u00e1ramos una banda, esta ser\u00eda The Police. Si cogi\u00e9ramos un dise\u00f1o modular, una extraordinaria estructura mic\u00e1cea y una estanter\u00eda de cristal o madera, ser\u00eda un dise\u00f1o de Giuseppe Vigan\u00f2.<\/p>\n<p>Mientras que lo primero te har\u00eda pensar en la canci\u00f3n, lo segundo te har\u00eda fijarte en todos los peque\u00f1os detalles que se emplean para hacer algo tan \u00fanico para un espacio de vida. La composici\u00f3n, el equilibrio, la sorprendente yuxtaposici\u00f3n de materiales y equilibrio.<\/p>\n<p>Roxanne trata de unir cosas que nunca esperar\u00edas que fueran un \u00e9xito.<\/p>\n","protected":false},"excerpt":{"rendered":"<p>Si cogi\u00e9ramos a un baterista punk, un profesor de ingl\u00e9s y un guitarrista de jazz y form\u00e1ramos una banda, esta ser\u00eda The Police. Si cogi\u00e9ramos un dise\u00f1o modular, una extraordinaria estructura mic\u00e1cea y una estanter\u00eda de cristal o madera, ser\u00eda un dise\u00f1o de Giuseppe Vigan\u00f2. Mientras que lo primero te har\u00eda pensar en la canci\u00f3n, [&hellip;]<\/p>\n","protected":false},"featured_media":35505,"comment_status":"closed","ping_status":"closed","template":"","meta":[],"product_brand":[],"product_cat":[203,209],"product_tag":[],"class_list":{"0":"post-47227","1":"product","2":"type-product","3":"status-publish","4":"has-post-thumbnail","6":"product_cat-complementos-es","7":"product_cat-indoor-es","9":"first","10":"instock","11":"product-type-simple"},"_links":{"self":[{"href":"https:\/\/arketipo.com\/es\/wp-json\/wp\/v2\/product\/47227","targetHints":{"allow":["GET"]}}],"collection":[{"href":"https:\/\/arketipo.com\/es\/wp-json\/wp\/v2\/product"}],"about":[{"href":"https:\/\/arketipo.com\/es\/wp-json\/wp\/v2\/types\/product"}],"replies":[{"embeddable":true,"href":"https:\/\/arketipo.com\/es\/wp-json\/wp\/v2\/comments?post=47227"}],"wp:featuredmedia":[{"embeddable":true,"href":"https:\/\/arketipo.com\/es\/wp-json\/wp\/v2\/media\/35505"}],"wp:attachment":[{"href":"https:\/\/arketipo.com\/es\/wp-json\/wp\/v2\/media?parent=47227"}],"wp:term":[{"taxonomy":"product_brand","embeddable":true,"href":"https:\/\/arketipo.com\/es\/wp-json\/wp\/v2\/product_brand?post=47227"},{"taxonomy":"product_cat","embeddable":true,"href":"https:\/\/arketipo.com\/es\/wp-json\/wp\/v2\/product_cat?post=47227"},{"taxonomy":"product_tag","embeddable":true,"href":"https:\/\/arketipo.com\/es\/wp-json\/wp\/v2\/product_tag?post=47227"}],"curies":[{"name":"wp","href":"https:\/\/api.w.org\/{rel}","templated":true}]}}