{"id":47228,"date":"2023-03-14T17:26:21","date_gmt":"2023-03-14T16:26:21","guid":{"rendered":"https:\/\/arketipo.com\/prodotto\/soho\/"},"modified":"2025-07-28T14:25:55","modified_gmt":"2025-07-28T12:25:55","slug":"soho","status":"publish","type":"product","link":"https:\/\/arketipo.com\/es\/prodotto\/soho\/","title":{"rendered":"Soho"},"content":{"rendered":"<p>Cuando moda, estilo y cultura chocaron a mediados del siglo XX, Londres era el centro del mundo y Soho era su centro neur\u00e1lgico.<\/p>\n<p>En los fabulosos a\u00f1os 60 surgi\u00f3 una nueva forma de pensar y vivir. El dise\u00f1o ya no volvi\u00f3 a ser el mismo y, precisamente por ello, nuestra mesilla de noche merec\u00eda un nombre adecuado a las ideas de su tiempo. Gino Carollo ha creado algo que encarna el estilo de los fabulosos a\u00f1os 60 con un gui\u00f1o a la cultura moderna de nuestros d\u00edas. Madera y cristal representan la interpretaci\u00f3n actual de los materiales de alta calidad utilizados con suma precisi\u00f3n, mientras que la forma geom\u00e9trica recuerda el per\u00edodo de transformaci\u00f3n hacia la cultura global.<\/p>\n<p>Liberada de su forma fluida, SoHo es una construcci\u00f3n geom\u00e9trica de tres elementos distintos que se superponen perfectamente, creando una forma fuerte y expresiva, sin perder nada de su toque delicado. Del encuentro entre lo viejo y lo nuevo siempre surge una buena idea.<\/p>\n","protected":false},"excerpt":{"rendered":"<p>Cuando moda, estilo y cultura chocaron a mediados del siglo XX, Londres era el centro del mundo y Soho era su centro neur\u00e1lgico. En los fabulosos a\u00f1os 60 surgi\u00f3 una nueva forma de pensar y vivir. El dise\u00f1o ya no volvi\u00f3 a ser el mismo y, precisamente por ello, nuestra mesilla de noche merec\u00eda un [&hellip;]<\/p>\n","protected":false},"featured_media":35591,"comment_status":"closed","ping_status":"closed","template":"","meta":[],"product_brand":[],"product_cat":[203,209,158],"product_tag":[],"class_list":{"0":"post-47228","1":"product","2":"type-product","3":"status-publish","4":"has-post-thumbnail","6":"product_cat-complementos-es","7":"product_cat-indoor-es","8":"product_cat-sin-categoria","10":"first","11":"instock","12":"product-type-simple"},"_links":{"self":[{"href":"https:\/\/arketipo.com\/es\/wp-json\/wp\/v2\/product\/47228","targetHints":{"allow":["GET"]}}],"collection":[{"href":"https:\/\/arketipo.com\/es\/wp-json\/wp\/v2\/product"}],"about":[{"href":"https:\/\/arketipo.com\/es\/wp-json\/wp\/v2\/types\/product"}],"replies":[{"embeddable":true,"href":"https:\/\/arketipo.com\/es\/wp-json\/wp\/v2\/comments?post=47228"}],"wp:featuredmedia":[{"embeddable":true,"href":"https:\/\/arketipo.com\/es\/wp-json\/wp\/v2\/media\/35591"}],"wp:attachment":[{"href":"https:\/\/arketipo.com\/es\/wp-json\/wp\/v2\/media?parent=47228"}],"wp:term":[{"taxonomy":"product_brand","embeddable":true,"href":"https:\/\/arketipo.com\/es\/wp-json\/wp\/v2\/product_brand?post=47228"},{"taxonomy":"product_cat","embeddable":true,"href":"https:\/\/arketipo.com\/es\/wp-json\/wp\/v2\/product_cat?post=47228"},{"taxonomy":"product_tag","embeddable":true,"href":"https:\/\/arketipo.com\/es\/wp-json\/wp\/v2\/product_tag?post=47228"}],"curies":[{"name":"wp","href":"https:\/\/api.w.org\/{rel}","templated":true}]}}