{"id":47229,"date":"2023-03-14T17:25:57","date_gmt":"2023-03-14T16:25:57","guid":{"rendered":"https:\/\/arketipo.com\/prodotto\/target\/"},"modified":"2025-07-28T14:25:55","modified_gmt":"2025-07-28T12:25:55","slug":"target","status":"publish","type":"product","link":"https:\/\/arketipo.com\/es\/prodotto\/target\/","title":{"rendered":"Target"},"content":{"rendered":"<p>La librer\u00eda Target utiliza el m\u00f3dulo de apoyo formado por las peque\u00f1as cruces, que en su conjunto parecen multiplicarse hasta el infinito y que, con la presencia de los libros, se transforman de signo fuerte en un conjunto movido pero regular.<\/p>\n","protected":false},"excerpt":{"rendered":"<p>La librer\u00eda Target utiliza el m\u00f3dulo de apoyo formado por las peque\u00f1as cruces, que en su conjunto parecen multiplicarse hasta el infinito y que, con la presencia de los libros, se transforman de signo fuerte en un conjunto movido pero regular.<\/p>\n","protected":false},"featured_media":32768,"comment_status":"closed","ping_status":"closed","template":"","meta":[],"product_brand":[],"product_cat":[203,209,158],"product_tag":[],"class_list":{"0":"post-47229","1":"product","2":"type-product","3":"status-publish","4":"has-post-thumbnail","6":"product_cat-complementos-es","7":"product_cat-indoor-es","8":"product_cat-sin-categoria","10":"first","11":"instock","12":"product-type-simple"},"_links":{"self":[{"href":"https:\/\/arketipo.com\/es\/wp-json\/wp\/v2\/product\/47229","targetHints":{"allow":["GET"]}}],"collection":[{"href":"https:\/\/arketipo.com\/es\/wp-json\/wp\/v2\/product"}],"about":[{"href":"https:\/\/arketipo.com\/es\/wp-json\/wp\/v2\/types\/product"}],"replies":[{"embeddable":true,"href":"https:\/\/arketipo.com\/es\/wp-json\/wp\/v2\/comments?post=47229"}],"wp:featuredmedia":[{"embeddable":true,"href":"https:\/\/arketipo.com\/es\/wp-json\/wp\/v2\/media\/32768"}],"wp:attachment":[{"href":"https:\/\/arketipo.com\/es\/wp-json\/wp\/v2\/media?parent=47229"}],"wp:term":[{"taxonomy":"product_brand","embeddable":true,"href":"https:\/\/arketipo.com\/es\/wp-json\/wp\/v2\/product_brand?post=47229"},{"taxonomy":"product_cat","embeddable":true,"href":"https:\/\/arketipo.com\/es\/wp-json\/wp\/v2\/product_cat?post=47229"},{"taxonomy":"product_tag","embeddable":true,"href":"https:\/\/arketipo.com\/es\/wp-json\/wp\/v2\/product_tag?post=47229"}],"curies":[{"name":"wp","href":"https:\/\/api.w.org\/{rel}","templated":true}]}}