{"id":47234,"date":"2023-03-14T17:25:56","date_gmt":"2023-03-14T16:25:56","guid":{"rendered":"https:\/\/arketipo.com\/prodotto\/bubble-bobble\/"},"modified":"2025-07-28T14:25:59","modified_gmt":"2025-07-28T12:25:59","slug":"bubble-bobble","status":"publish","type":"product","link":"https:\/\/arketipo.com\/es\/prodotto\/bubble-bobble\/","title":{"rendered":"Bubble-Bobble"},"content":{"rendered":"<p>Originalidad y gran atractivo para Bubble Bobble. Luz para decorar y comunicar, luz para reflejar los espacios.<\/p>\n<p>Bubble Bobble, de pie o de suspensi\u00f3n, es una l\u00e1mpara que mira hacia interiores contempor\u00e1neos y recuerda con iron\u00eda la ligereza de las pompas de jab\u00f3n. Sus tres esferas de vidrio sombreado de diferentes tama\u00f1os se sustentan mediante una estructura de finas tiras met\u00e1licas.<\/p>\n<p>Un toque emocional de juegos de luces recubiertos que se inspira en el videojuego del mismo nombre.<\/p>\n","protected":false},"excerpt":{"rendered":"<p>Originalidad y gran atractivo para Bubble Bobble. Luz para decorar y comunicar, luz para reflejar los espacios. Bubble Bobble, de pie o de suspensi\u00f3n, es una l\u00e1mpara que mira hacia interiores contempor\u00e1neos y recuerda con iron\u00eda la ligereza de las pompas de jab\u00f3n. Sus tres esferas de vidrio sombreado de diferentes tama\u00f1os se sustentan mediante [&hellip;]<\/p>\n","protected":false},"featured_media":24409,"comment_status":"closed","ping_status":"closed","template":"","meta":[],"product_brand":[],"product_cat":[209,211],"product_tag":[],"class_list":{"0":"post-47234","1":"product","2":"type-product","3":"status-publish","4":"has-post-thumbnail","6":"product_cat-indoor-es","7":"product_cat-lampes-es","9":"first","10":"instock","11":"product-type-simple"},"_links":{"self":[{"href":"https:\/\/arketipo.com\/es\/wp-json\/wp\/v2\/product\/47234","targetHints":{"allow":["GET"]}}],"collection":[{"href":"https:\/\/arketipo.com\/es\/wp-json\/wp\/v2\/product"}],"about":[{"href":"https:\/\/arketipo.com\/es\/wp-json\/wp\/v2\/types\/product"}],"replies":[{"embeddable":true,"href":"https:\/\/arketipo.com\/es\/wp-json\/wp\/v2\/comments?post=47234"}],"wp:featuredmedia":[{"embeddable":true,"href":"https:\/\/arketipo.com\/es\/wp-json\/wp\/v2\/media\/24409"}],"wp:attachment":[{"href":"https:\/\/arketipo.com\/es\/wp-json\/wp\/v2\/media?parent=47234"}],"wp:term":[{"taxonomy":"product_brand","embeddable":true,"href":"https:\/\/arketipo.com\/es\/wp-json\/wp\/v2\/product_brand?post=47234"},{"taxonomy":"product_cat","embeddable":true,"href":"https:\/\/arketipo.com\/es\/wp-json\/wp\/v2\/product_cat?post=47234"},{"taxonomy":"product_tag","embeddable":true,"href":"https:\/\/arketipo.com\/es\/wp-json\/wp\/v2\/product_tag?post=47234"}],"curies":[{"name":"wp","href":"https:\/\/api.w.org\/{rel}","templated":true}]}}