{"id":47236,"date":"2023-03-14T17:25:55","date_gmt":"2023-03-14T16:25:55","guid":{"rendered":"https:\/\/arketipo.com\/prodotto\/blob\/"},"modified":"2025-07-28T14:26:00","modified_gmt":"2025-07-28T12:26:00","slug":"blob","status":"publish","type":"product","link":"https:\/\/arketipo.com\/es\/prodotto\/blob\/","title":{"rendered":"Blob"},"content":{"rendered":"<p>Ideal tanto en ambientes modernos como cl\u00e1sicos y ricos en personalidad, la l\u00e1mpara Blob est\u00e1 dise\u00f1ada para ser un elemento sin duda original.<\/p>\n<p>Gracias a una reinterpretaci\u00f3n de las formas sinuosas de la naturaleza, crea un impacto esc\u00e9nico original en cualquier entorno. La barra de metal, regulable en altura, tiene tres puntos de luz en vidrio coloreado, que ilumina de manera uniforme y direccional, ya que la intensidad de la luz puede ser ajustada y los soportes puede girar. Blob est\u00e1 disponible en tres acabados, marr\u00f3n mic\u00e1cea, lat\u00f3n y titanio. El detalle importante de los cables de colores que abrazan armoniosamente el tallo da personalidad al objeto.<\/p>\n<p>Tras el \u00e9xito de la l\u00e1mpara de pie, la colecci\u00f3n Blob colecci\u00f3n se ha ampliado con la l\u00e1mpara de mesa y la de suspensi\u00f3n, que tiene las mismas caracter\u00edsticas de la primera en crearse. Mediante la disposici\u00f3n de m\u00e1s suspensiones a diferentes alturas, es posible crear juegos de luz inusuales y un efecto esc\u00e9nico original, que realzar la habitaci\u00f3n.<\/p>\n","protected":false},"excerpt":{"rendered":"<p>Ideal tanto en ambientes modernos como cl\u00e1sicos y ricos en personalidad, la l\u00e1mpara Blob est\u00e1 dise\u00f1ada para ser un elemento sin duda original. Gracias a una reinterpretaci\u00f3n de las formas sinuosas de la naturaleza, crea un impacto esc\u00e9nico original en cualquier entorno. La barra de metal, regulable en altura, tiene tres puntos de luz en [&hellip;]<\/p>\n","protected":false},"featured_media":24358,"comment_status":"closed","ping_status":"closed","template":"","meta":[],"product_brand":[],"product_cat":[209,211],"product_tag":[],"class_list":{"0":"post-47236","1":"product","2":"type-product","3":"status-publish","4":"has-post-thumbnail","6":"product_cat-indoor-es","7":"product_cat-lampes-es","9":"first","10":"instock","11":"product-type-simple"},"_links":{"self":[{"href":"https:\/\/arketipo.com\/es\/wp-json\/wp\/v2\/product\/47236","targetHints":{"allow":["GET"]}}],"collection":[{"href":"https:\/\/arketipo.com\/es\/wp-json\/wp\/v2\/product"}],"about":[{"href":"https:\/\/arketipo.com\/es\/wp-json\/wp\/v2\/types\/product"}],"replies":[{"embeddable":true,"href":"https:\/\/arketipo.com\/es\/wp-json\/wp\/v2\/comments?post=47236"}],"wp:featuredmedia":[{"embeddable":true,"href":"https:\/\/arketipo.com\/es\/wp-json\/wp\/v2\/media\/24358"}],"wp:attachment":[{"href":"https:\/\/arketipo.com\/es\/wp-json\/wp\/v2\/media?parent=47236"}],"wp:term":[{"taxonomy":"product_brand","embeddable":true,"href":"https:\/\/arketipo.com\/es\/wp-json\/wp\/v2\/product_brand?post=47236"},{"taxonomy":"product_cat","embeddable":true,"href":"https:\/\/arketipo.com\/es\/wp-json\/wp\/v2\/product_cat?post=47236"},{"taxonomy":"product_tag","embeddable":true,"href":"https:\/\/arketipo.com\/es\/wp-json\/wp\/v2\/product_tag?post=47236"}],"curies":[{"name":"wp","href":"https:\/\/api.w.org\/{rel}","templated":true}]}}