{"id":47237,"date":"2023-05-05T09:41:43","date_gmt":"2023-05-05T07:41:43","guid":{"rendered":"https:\/\/arketipo.com\/prodotto\/numa-5\/"},"modified":"2025-07-28T14:26:01","modified_gmt":"2025-07-28T12:26:01","slug":"numa","status":"publish","type":"product","link":"https:\/\/arketipo.com\/es\/prodotto\/numa\/","title":{"rendered":"Numa"},"content":{"rendered":"<p>Nadie deber\u00eda sorprenderse de que Giuseppe Vigan\u00f2 sea el aut\u00e9ntico maestro que hace parecer que las sillas est\u00e9n suspendidas o logren alterar las formas de la estancia con su propia forma.<\/p>\n<p>Numa, que en \u00e1rabe significa placer, no se limita solo al nombre sino tambi\u00e9n al modo en que la silla aporta equilibrio a su entorno. Con un toque de art d\u00e9co y un toque modernista, NUMA es la expresi\u00f3n de un dise\u00f1o consciente de que la mejor colocaci\u00f3n de una obra maestra siempre actual es tu hogar.<\/p>\n<p>Ligera y fuerte a la vez, delicada y decidida. Realizada en acero cepillado, a primera vista puede enga\u00f1ar pero basta acercarse para quedar cautivados.<\/p>\n","protected":false},"excerpt":{"rendered":"<p>Nadie deber\u00eda sorprenderse de que Giuseppe Vigan\u00f2 sea el aut\u00e9ntico maestro que hace parecer que las sillas est\u00e9n suspendidas o logren alterar las formas de la estancia con su propia forma. Numa, que en \u00e1rabe significa placer, no se limita solo al nombre sino tambi\u00e9n al modo en que la silla aporta equilibrio a su [&hellip;]<\/p>\n","protected":false},"featured_media":39566,"comment_status":"closed","ping_status":"closed","template":"","meta":[],"product_brand":[],"product_cat":[209,225],"product_tag":[],"class_list":{"0":"post-47237","1":"product","2":"type-product","3":"status-publish","4":"has-post-thumbnail","6":"product_cat-indoor-es","7":"product_cat-sillas","9":"first","10":"instock","11":"product-type-simple"},"_links":{"self":[{"href":"https:\/\/arketipo.com\/es\/wp-json\/wp\/v2\/product\/47237","targetHints":{"allow":["GET"]}}],"collection":[{"href":"https:\/\/arketipo.com\/es\/wp-json\/wp\/v2\/product"}],"about":[{"href":"https:\/\/arketipo.com\/es\/wp-json\/wp\/v2\/types\/product"}],"replies":[{"embeddable":true,"href":"https:\/\/arketipo.com\/es\/wp-json\/wp\/v2\/comments?post=47237"}],"wp:featuredmedia":[{"embeddable":true,"href":"https:\/\/arketipo.com\/es\/wp-json\/wp\/v2\/media\/39566"}],"wp:attachment":[{"href":"https:\/\/arketipo.com\/es\/wp-json\/wp\/v2\/media?parent=47237"}],"wp:term":[{"taxonomy":"product_brand","embeddable":true,"href":"https:\/\/arketipo.com\/es\/wp-json\/wp\/v2\/product_brand?post=47237"},{"taxonomy":"product_cat","embeddable":true,"href":"https:\/\/arketipo.com\/es\/wp-json\/wp\/v2\/product_cat?post=47237"},{"taxonomy":"product_tag","embeddable":true,"href":"https:\/\/arketipo.com\/es\/wp-json\/wp\/v2\/product_tag?post=47237"}],"curies":[{"name":"wp","href":"https:\/\/api.w.org\/{rel}","templated":true}]}}