{"id":47238,"date":"2023-04-28T09:15:56","date_gmt":"2023-04-28T07:15:56","guid":{"rendered":"https:\/\/arketipo.com\/prodotto\/avalon\/"},"modified":"2025-07-28T14:26:02","modified_gmt":"2025-07-28T12:26:02","slug":"avalon","status":"publish","type":"product","link":"https:\/\/arketipo.com\/es\/prodotto\/avalon\/","title":{"rendered":"Avalon"},"content":{"rendered":"<p>Sintetizadores, c\u00f3cteles, estilo sutilmente de moda y, por supuesto, en alg\u00fan lugar de nuestro armario, prendas en tonos pastel y grandes hombreras. As\u00ed es como recordamos los a\u00f1os 80, y es en eso en lo que pensamos cuando o\u00edmos el nombre de Avalon.<\/p>\n<p>Nos hemos inspirado en nuestra historia reciente e incluso antigua. La historia reciente nos brinda visiones audaces. Lo audaz es, despu\u00e9s de todo, hermoso, y, al igual que la canci\u00f3n -otra inspiraci\u00f3n- esta encimera de mesa es de todo menos sutil. Es la historia antigua la que nos permite explorar el acabado azul pac\u00edfico. En la isla de Avalon -tambi\u00e9n denominada \u00abInis witrin\u00bb (es decir, \u00abisla de cristal\u00bb)- abundaba una planta que se degradaba en azul, proporcionando a los guerreros celtas el tinte para cubrirse la cara antes de enfrentarse a la batalla. Otra visualizaci\u00f3n llamativa, otra pieza de inspiraci\u00f3n exc\u00e9ntrica.<\/p>\n<p>La base posee una forma ondulada que recorre el espacio con elegancia y estilo, mientras que el cristal ahumado te remite a unas estimulantes tomas de Kodachrome que solo los a\u00f1os 80 podr\u00edan conjurar. No se trata de una rapsodia del dise\u00f1o, sino de un homenaje a una \u00e9poca en la que se permit\u00eda explorar creando una elegancia y un encanto desafiantes.<\/p>\n","protected":false},"excerpt":{"rendered":"<p>Sintetizadores, c\u00f3cteles, estilo sutilmente de moda y, por supuesto, en alg\u00fan lugar de nuestro armario, prendas en tonos pastel y grandes hombreras. As\u00ed es como recordamos los a\u00f1os 80, y es en eso en lo que pensamos cuando o\u00edmos el nombre de Avalon. Nos hemos inspirado en nuestra historia reciente e incluso antigua. La historia [&hellip;]<\/p>\n","protected":false},"featured_media":36043,"comment_status":"closed","ping_status":"closed","template":"","meta":[],"product_brand":[],"product_cat":[209,230],"product_tag":[],"class_list":{"0":"post-47238","1":"product","2":"type-product","3":"status-publish","4":"has-post-thumbnail","6":"product_cat-indoor-es","7":"product_cat-tablas","9":"first","10":"instock","11":"product-type-simple"},"_links":{"self":[{"href":"https:\/\/arketipo.com\/es\/wp-json\/wp\/v2\/product\/47238","targetHints":{"allow":["GET"]}}],"collection":[{"href":"https:\/\/arketipo.com\/es\/wp-json\/wp\/v2\/product"}],"about":[{"href":"https:\/\/arketipo.com\/es\/wp-json\/wp\/v2\/types\/product"}],"replies":[{"embeddable":true,"href":"https:\/\/arketipo.com\/es\/wp-json\/wp\/v2\/comments?post=47238"}],"wp:featuredmedia":[{"embeddable":true,"href":"https:\/\/arketipo.com\/es\/wp-json\/wp\/v2\/media\/36043"}],"wp:attachment":[{"href":"https:\/\/arketipo.com\/es\/wp-json\/wp\/v2\/media?parent=47238"}],"wp:term":[{"taxonomy":"product_brand","embeddable":true,"href":"https:\/\/arketipo.com\/es\/wp-json\/wp\/v2\/product_brand?post=47238"},{"taxonomy":"product_cat","embeddable":true,"href":"https:\/\/arketipo.com\/es\/wp-json\/wp\/v2\/product_cat?post=47238"},{"taxonomy":"product_tag","embeddable":true,"href":"https:\/\/arketipo.com\/es\/wp-json\/wp\/v2\/product_tag?post=47238"}],"curies":[{"name":"wp","href":"https:\/\/api.w.org\/{rel}","templated":true}]}}