{"id":47242,"date":"2023-03-14T17:26:20","date_gmt":"2023-03-14T16:26:20","guid":{"rendered":"https:\/\/arketipo.com\/prodotto\/icon\/"},"modified":"2025-07-28T14:26:09","modified_gmt":"2025-07-28T12:26:09","slug":"icon","status":"publish","type":"product","link":"https:\/\/arketipo.com\/es\/prodotto\/icon\/","title":{"rendered":"Icon"},"content":{"rendered":"<p>Las geometr\u00edas de los contornos de los tableros y del volumen convexo de la pata crean formas suaves, elegantes, marcadas por un rigor y una expresi\u00f3n po\u00e9tica esencial.<\/p>\n<p>El colorido natural del tablero de m\u00e1rmol \u00abMoon grey\u00bb, en contraste con el color liso de la superficie pulida de la pata tronco piramidal, logra un equilibrio inesperado y una marcada identidad.<\/p>\n","protected":false},"excerpt":{"rendered":"<p>Las geometr\u00edas de los contornos de los tableros y del volumen convexo de la pata crean formas suaves, elegantes, marcadas por un rigor y una expresi\u00f3n po\u00e9tica esencial. El colorido natural del tablero de m\u00e1rmol \u00abMoon grey\u00bb, en contraste con el color liso de la superficie pulida de la pata tronco piramidal, logra un equilibrio [&hellip;]<\/p>\n","protected":false},"featured_media":35241,"comment_status":"closed","ping_status":"closed","template":"","meta":[],"product_brand":[],"product_cat":[209,230],"product_tag":[],"class_list":{"0":"post-47242","1":"product","2":"type-product","3":"status-publish","4":"has-post-thumbnail","6":"product_cat-indoor-es","7":"product_cat-tablas","9":"first","10":"instock","11":"product-type-simple"},"_links":{"self":[{"href":"https:\/\/arketipo.com\/es\/wp-json\/wp\/v2\/product\/47242","targetHints":{"allow":["GET"]}}],"collection":[{"href":"https:\/\/arketipo.com\/es\/wp-json\/wp\/v2\/product"}],"about":[{"href":"https:\/\/arketipo.com\/es\/wp-json\/wp\/v2\/types\/product"}],"replies":[{"embeddable":true,"href":"https:\/\/arketipo.com\/es\/wp-json\/wp\/v2\/comments?post=47242"}],"wp:featuredmedia":[{"embeddable":true,"href":"https:\/\/arketipo.com\/es\/wp-json\/wp\/v2\/media\/35241"}],"wp:attachment":[{"href":"https:\/\/arketipo.com\/es\/wp-json\/wp\/v2\/media?parent=47242"}],"wp:term":[{"taxonomy":"product_brand","embeddable":true,"href":"https:\/\/arketipo.com\/es\/wp-json\/wp\/v2\/product_brand?post=47242"},{"taxonomy":"product_cat","embeddable":true,"href":"https:\/\/arketipo.com\/es\/wp-json\/wp\/v2\/product_cat?post=47242"},{"taxonomy":"product_tag","embeddable":true,"href":"https:\/\/arketipo.com\/es\/wp-json\/wp\/v2\/product_tag?post=47242"}],"curies":[{"name":"wp","href":"https:\/\/api.w.org\/{rel}","templated":true}]}}