{"id":47245,"date":"2023-03-14T17:26:20","date_gmt":"2023-03-14T16:26:20","guid":{"rendered":"https:\/\/arketipo.com\/prodotto\/oracle\/"},"modified":"2025-07-28T14:26:11","modified_gmt":"2025-07-28T12:26:11","slug":"oracle","status":"publish","type":"product","link":"https:\/\/arketipo.com\/es\/prodotto\/oracle\/","title":{"rendered":"Oracle"},"content":{"rendered":"<p>Gr\u00e1fica y con un esp\u00edritu ultra contempor\u00e1neo, la nueva versi\u00f3n de ORACLE con tablero de vidrio es la expresi\u00f3n de un proyecto con un material que muestra ligereza y modernidad, realizado con un dise\u00f1o avanzado.<\/p>\n<p>El c\u00edrculo, s\u00edmbolo de perfecci\u00f3n, es una referencia a la flor de la vida y se convierte en int\u00e9rprete de la refinada base estilizada.<\/p>\n<p>Oracle expresa totalidad, plenitud y centralidad, siendo el aut\u00e9ntico protagonista de la sala de estar.<\/p>\n","protected":false},"excerpt":{"rendered":"<p>Gr\u00e1fica y con un esp\u00edritu ultra contempor\u00e1neo, la nueva versi\u00f3n de ORACLE con tablero de vidrio es la expresi\u00f3n de un proyecto con un material que muestra ligereza y modernidad, realizado con un dise\u00f1o avanzado. El c\u00edrculo, s\u00edmbolo de perfecci\u00f3n, es una referencia a la flor de la vida y se convierte en int\u00e9rprete de [&hellip;]<\/p>\n","protected":false},"featured_media":35267,"comment_status":"closed","ping_status":"closed","template":"","meta":[],"product_brand":[],"product_cat":[209,230],"product_tag":[],"class_list":{"0":"post-47245","1":"product","2":"type-product","3":"status-publish","4":"has-post-thumbnail","6":"product_cat-indoor-es","7":"product_cat-tablas","9":"first","10":"instock","11":"product-type-simple"},"_links":{"self":[{"href":"https:\/\/arketipo.com\/es\/wp-json\/wp\/v2\/product\/47245","targetHints":{"allow":["GET"]}}],"collection":[{"href":"https:\/\/arketipo.com\/es\/wp-json\/wp\/v2\/product"}],"about":[{"href":"https:\/\/arketipo.com\/es\/wp-json\/wp\/v2\/types\/product"}],"replies":[{"embeddable":true,"href":"https:\/\/arketipo.com\/es\/wp-json\/wp\/v2\/comments?post=47245"}],"wp:featuredmedia":[{"embeddable":true,"href":"https:\/\/arketipo.com\/es\/wp-json\/wp\/v2\/media\/35267"}],"wp:attachment":[{"href":"https:\/\/arketipo.com\/es\/wp-json\/wp\/v2\/media?parent=47245"}],"wp:term":[{"taxonomy":"product_brand","embeddable":true,"href":"https:\/\/arketipo.com\/es\/wp-json\/wp\/v2\/product_brand?post=47245"},{"taxonomy":"product_cat","embeddable":true,"href":"https:\/\/arketipo.com\/es\/wp-json\/wp\/v2\/product_cat?post=47245"},{"taxonomy":"product_tag","embeddable":true,"href":"https:\/\/arketipo.com\/es\/wp-json\/wp\/v2\/product_tag?post=47245"}],"curies":[{"name":"wp","href":"https:\/\/api.w.org\/{rel}","templated":true}]}}