{"id":47246,"date":"2023-03-14T17:26:23","date_gmt":"2023-03-14T16:26:23","guid":{"rendered":"https:\/\/arketipo.com\/prodotto\/prince\/"},"modified":"2025-07-28T14:26:12","modified_gmt":"2025-07-28T12:26:12","slug":"prince","status":"publish","type":"product","link":"https:\/\/arketipo.com\/es\/prodotto\/prince\/","title":{"rendered":"Prince"},"content":{"rendered":"<p>Si uno es el heredero del trono y el otro fue un pionero de la fusi\u00f3n musical y multinstrumental, Prince de Giuseppe Vigan\u00f3 es descaradamente el heredero de un gran dise\u00f1o. Con un solo vistazo conocer\u00e1s todo lo que necesitas saber sobre esta impresionante visi\u00f3n de lo que debe ser una mesa de comedor: un lugar para reunirse, hablar, comer y compartir momentos \u00fanicos.<\/p>\n<p>Las patas son fuertes a la vez que refinadas, con un dise\u00f1o intrincado que evoca una \u00e9poca diferente. Su forma es parte integrante del proyecto general de la mesa. Si se miran de cerca, las patas recuerdan la forma de una chimenea, es m\u00e1s, evocan los elementos de ese lugar de reuni\u00f3n en el que todos se sientan y conversan. Se trata de una mesa que invita a la vida social de las formas m\u00e1s grandiosas.<\/p>\n<p>La superficie? Su clase con sensaci\u00f3n de pertenencia hace que aqu\u00ed todos sean bienvenidos. Puede ser grande, incluso puede tener l\u00edneas descendentes y curvas que evocan la idea de&#8230; grande, pero lo que consigue es acortar el espacio que te separa de tus invitados. Prince, testimonio de dise\u00f1o de la vida social para la generaciones venideras.<\/p>\n","protected":false},"excerpt":{"rendered":"<p>Si uno es el heredero del trono y el otro fue un pionero de la fusi\u00f3n musical y multinstrumental, Prince de Giuseppe Vigan\u00f3 es descaradamente el heredero de un gran dise\u00f1o. Con un solo vistazo conocer\u00e1s todo lo que necesitas saber sobre esta impresionante visi\u00f3n de lo que debe ser una mesa de comedor: un [&hellip;]<\/p>\n","protected":false},"featured_media":35968,"comment_status":"closed","ping_status":"closed","template":"","meta":[],"product_brand":[],"product_cat":[209,230],"product_tag":[],"class_list":{"0":"post-47246","1":"product","2":"type-product","3":"status-publish","4":"has-post-thumbnail","6":"product_cat-indoor-es","7":"product_cat-tablas","9":"first","10":"instock","11":"product-type-simple"},"_links":{"self":[{"href":"https:\/\/arketipo.com\/es\/wp-json\/wp\/v2\/product\/47246","targetHints":{"allow":["GET"]}}],"collection":[{"href":"https:\/\/arketipo.com\/es\/wp-json\/wp\/v2\/product"}],"about":[{"href":"https:\/\/arketipo.com\/es\/wp-json\/wp\/v2\/types\/product"}],"replies":[{"embeddable":true,"href":"https:\/\/arketipo.com\/es\/wp-json\/wp\/v2\/comments?post=47246"}],"wp:featuredmedia":[{"embeddable":true,"href":"https:\/\/arketipo.com\/es\/wp-json\/wp\/v2\/media\/35968"}],"wp:attachment":[{"href":"https:\/\/arketipo.com\/es\/wp-json\/wp\/v2\/media?parent=47246"}],"wp:term":[{"taxonomy":"product_brand","embeddable":true,"href":"https:\/\/arketipo.com\/es\/wp-json\/wp\/v2\/product_brand?post=47246"},{"taxonomy":"product_cat","embeddable":true,"href":"https:\/\/arketipo.com\/es\/wp-json\/wp\/v2\/product_cat?post=47246"},{"taxonomy":"product_tag","embeddable":true,"href":"https:\/\/arketipo.com\/es\/wp-json\/wp\/v2\/product_tag?post=47246"}],"curies":[{"name":"wp","href":"https:\/\/api.w.org\/{rel}","templated":true}]}}