{"id":47253,"date":"2023-03-14T17:26:24","date_gmt":"2023-03-14T16:26:24","guid":{"rendered":"https:\/\/arketipo.com\/prodotto\/chimera\/"},"modified":"2025-07-28T14:26:16","modified_gmt":"2025-07-28T12:26:16","slug":"chimera","status":"publish","type":"product","link":"https:\/\/arketipo.com\/es\/prodotto\/chimera\/","title":{"rendered":"Chimera"},"content":{"rendered":"<p>Chimera es una creaci\u00f3n que personifica el concepto de dise\u00f1o, una visi\u00f3n que se transmite a trav\u00e9s del bol\u00edgrafo y que nunca abandona el papel. Al igual que la criatura de la mitolog\u00eda griega, nuestra Chimera es una visi\u00f3n de diferentes formas.<\/p>\n<p>Se trata de una mesa de vidrio ahumado y martillado en la que destaca sobremanera la forma sinuosa del tablero, con curvas en tres puntos estrat\u00e9gicos que le permiten abrazarse a la estructura de soporte.<\/p>\n<p>El m\u00e9todo especial empleado para trabajar el vidrio hace que la luz pueda jugar en su interior y crea la ilusi\u00f3n de unas olas que se mueven mecidas por el viento.<\/p>\n","protected":false},"excerpt":{"rendered":"<p>Chimera es una creaci\u00f3n que personifica el concepto de dise\u00f1o, una visi\u00f3n que se transmite a trav\u00e9s del bol\u00edgrafo y que nunca abandona el papel. Al igual que la criatura de la mitolog\u00eda griega, nuestra Chimera es una visi\u00f3n de diferentes formas. Se trata de una mesa de vidrio ahumado y martillado en la que [&hellip;]<\/p>\n","protected":false},"featured_media":36628,"comment_status":"closed","ping_status":"closed","template":"","meta":[],"product_brand":[],"product_cat":[209,232],"product_tag":[],"class_list":{"0":"post-47253","1":"product","2":"type-product","3":"status-publish","4":"has-post-thumbnail","6":"product_cat-indoor-es","7":"product_cat-mesas","9":"first","10":"instock","11":"product-type-simple"},"_links":{"self":[{"href":"https:\/\/arketipo.com\/es\/wp-json\/wp\/v2\/product\/47253","targetHints":{"allow":["GET"]}}],"collection":[{"href":"https:\/\/arketipo.com\/es\/wp-json\/wp\/v2\/product"}],"about":[{"href":"https:\/\/arketipo.com\/es\/wp-json\/wp\/v2\/types\/product"}],"replies":[{"embeddable":true,"href":"https:\/\/arketipo.com\/es\/wp-json\/wp\/v2\/comments?post=47253"}],"wp:featuredmedia":[{"embeddable":true,"href":"https:\/\/arketipo.com\/es\/wp-json\/wp\/v2\/media\/36628"}],"wp:attachment":[{"href":"https:\/\/arketipo.com\/es\/wp-json\/wp\/v2\/media?parent=47253"}],"wp:term":[{"taxonomy":"product_brand","embeddable":true,"href":"https:\/\/arketipo.com\/es\/wp-json\/wp\/v2\/product_brand?post=47253"},{"taxonomy":"product_cat","embeddable":true,"href":"https:\/\/arketipo.com\/es\/wp-json\/wp\/v2\/product_cat?post=47253"},{"taxonomy":"product_tag","embeddable":true,"href":"https:\/\/arketipo.com\/es\/wp-json\/wp\/v2\/product_tag?post=47253"}],"curies":[{"name":"wp","href":"https:\/\/api.w.org\/{rel}","templated":true}]}}