{"id":47255,"date":"2023-03-14T17:26:13","date_gmt":"2023-03-14T16:26:13","guid":{"rendered":"https:\/\/arketipo.com\/prodotto\/final-cut\/"},"modified":"2025-07-28T14:26:18","modified_gmt":"2025-07-28T12:26:18","slug":"final-cut","status":"publish","type":"product","link":"https:\/\/arketipo.com\/es\/prodotto\/final-cut\/","title":{"rendered":"Final Cut"},"content":{"rendered":"<p>FINAL CUT, con sus geometr\u00edas articuladas, es la mesa auxiliar que representa el top de la gama.<\/p>\n<p>Las formas elegantes de los tableros se superponen en un juego de capas de materiales donde el cristal, el m\u00e1rmol y el metal permiten diferentes alturas.<\/p>\n<p>Adem\u00e1s, la posibilidad de giro de la repisa superior permite m\u00faltiples utilizaciones, reflejando la idea de una manera de vivir din\u00e1mica y activa.<\/p>\n","protected":false},"excerpt":{"rendered":"<p>FINAL CUT, con sus geometr\u00edas articuladas, es la mesa auxiliar que representa el top de la gama. Las formas elegantes de los tableros se superponen en un juego de capas de materiales donde el cristal, el m\u00e1rmol y el metal permiten diferentes alturas. Adem\u00e1s, la posibilidad de giro de la repisa superior permite m\u00faltiples utilizaciones, [&hellip;]<\/p>\n","protected":false},"featured_media":34563,"comment_status":"closed","ping_status":"closed","template":"","meta":[],"product_brand":[],"product_cat":[209,232],"product_tag":[],"class_list":{"0":"post-47255","1":"product","2":"type-product","3":"status-publish","4":"has-post-thumbnail","6":"product_cat-indoor-es","7":"product_cat-mesas","9":"first","10":"instock","11":"product-type-simple"},"_links":{"self":[{"href":"https:\/\/arketipo.com\/es\/wp-json\/wp\/v2\/product\/47255","targetHints":{"allow":["GET"]}}],"collection":[{"href":"https:\/\/arketipo.com\/es\/wp-json\/wp\/v2\/product"}],"about":[{"href":"https:\/\/arketipo.com\/es\/wp-json\/wp\/v2\/types\/product"}],"replies":[{"embeddable":true,"href":"https:\/\/arketipo.com\/es\/wp-json\/wp\/v2\/comments?post=47255"}],"wp:featuredmedia":[{"embeddable":true,"href":"https:\/\/arketipo.com\/es\/wp-json\/wp\/v2\/media\/34563"}],"wp:attachment":[{"href":"https:\/\/arketipo.com\/es\/wp-json\/wp\/v2\/media?parent=47255"}],"wp:term":[{"taxonomy":"product_brand","embeddable":true,"href":"https:\/\/arketipo.com\/es\/wp-json\/wp\/v2\/product_brand?post=47255"},{"taxonomy":"product_cat","embeddable":true,"href":"https:\/\/arketipo.com\/es\/wp-json\/wp\/v2\/product_cat?post=47255"},{"taxonomy":"product_tag","embeddable":true,"href":"https:\/\/arketipo.com\/es\/wp-json\/wp\/v2\/product_tag?post=47255"}],"curies":[{"name":"wp","href":"https:\/\/api.w.org\/{rel}","templated":true}]}}