{"id":47257,"date":"2023-03-14T17:26:13","date_gmt":"2023-03-14T16:26:13","guid":{"rendered":"https:\/\/arketipo.com\/prodotto\/lith\/"},"modified":"2025-07-28T14:26:20","modified_gmt":"2025-07-28T12:26:20","slug":"lith","status":"publish","type":"product","link":"https:\/\/arketipo.com\/es\/prodotto\/lith\/","title":{"rendered":"Lith"},"content":{"rendered":"<p>La emblem\u00e1tica colecci\u00f3n LITH se ampl\u00eda con tres nuevas versiones de mesas auxiliares de formas y alturas diferentes y una consola refinada.<\/p>\n<p>Los tableros se caracterizan por sus formas geom\u00e9tricas con esquinas redondeadas, mientras que las bases de metal forman figuras estructurales con un marcado rasgo escult\u00f3rico muy fuerte, con un dise\u00f1o de personalidad cosmopolita.<\/p>\n","protected":false},"excerpt":{"rendered":"<p>La emblem\u00e1tica colecci\u00f3n LITH se ampl\u00eda con tres nuevas versiones de mesas auxiliares de formas y alturas diferentes y una consola refinada. Los tableros se caracterizan por sus formas geom\u00e9tricas con esquinas redondeadas, mientras que las bases de metal forman figuras estructurales con un marcado rasgo escult\u00f3rico muy fuerte, con un dise\u00f1o de personalidad cosmopolita.<\/p>\n","protected":false},"featured_media":34629,"comment_status":"closed","ping_status":"closed","template":"","meta":[],"product_brand":[],"product_cat":[209,232,158],"product_tag":[],"class_list":{"0":"post-47257","1":"product","2":"type-product","3":"status-publish","4":"has-post-thumbnail","6":"product_cat-indoor-es","7":"product_cat-mesas","8":"product_cat-sin-categoria","10":"first","11":"instock","12":"product-type-simple"},"_links":{"self":[{"href":"https:\/\/arketipo.com\/es\/wp-json\/wp\/v2\/product\/47257","targetHints":{"allow":["GET"]}}],"collection":[{"href":"https:\/\/arketipo.com\/es\/wp-json\/wp\/v2\/product"}],"about":[{"href":"https:\/\/arketipo.com\/es\/wp-json\/wp\/v2\/types\/product"}],"replies":[{"embeddable":true,"href":"https:\/\/arketipo.com\/es\/wp-json\/wp\/v2\/comments?post=47257"}],"wp:featuredmedia":[{"embeddable":true,"href":"https:\/\/arketipo.com\/es\/wp-json\/wp\/v2\/media\/34629"}],"wp:attachment":[{"href":"https:\/\/arketipo.com\/es\/wp-json\/wp\/v2\/media?parent=47257"}],"wp:term":[{"taxonomy":"product_brand","embeddable":true,"href":"https:\/\/arketipo.com\/es\/wp-json\/wp\/v2\/product_brand?post=47257"},{"taxonomy":"product_cat","embeddable":true,"href":"https:\/\/arketipo.com\/es\/wp-json\/wp\/v2\/product_cat?post=47257"},{"taxonomy":"product_tag","embeddable":true,"href":"https:\/\/arketipo.com\/es\/wp-json\/wp\/v2\/product_tag?post=47257"}],"curies":[{"name":"wp","href":"https:\/\/api.w.org\/{rel}","templated":true}]}}